{"id":8816,"date":"2026-04-25T00:28:08","date_gmt":"2026-04-25T00:28:08","guid":{"rendered":"https:\/\/myapachecasinos.com\/battle-bucks\/"},"modified":"2026-04-29T16:05:31","modified_gmt":"2026-04-29T16:05:31","slug":"battle-bucks","status":"publish","type":"page","link":"https:\/\/myapachecasinos.com\/es\/battle-bucks\/","title":{"rendered":"BATTLE BUCKS"},"content":{"rendered":"\t\t<div data-elementor-type=\"wp-page\" data-elementor-id=\"8816\" class=\"elementor elementor-8816 elementor-8394\">\n\t\t\t\t<div class=\"elementor-element elementor-element-06cb8b1 e-flex e-con-boxed sc_layouts_column_icons_position_left e-con e-parent\" data-id=\"06cb8b1\" data-element_type=\"container\" data-e-type=\"container\">\n\t\t\t\t\t<div class=\"e-con-inner\">\n\t\t<div class=\"e-con-gap-no elementor-element elementor-element-3366697 e-con-full e-flex sc_layouts_column_icons_position_left animation_type_block elementor-invisible e-con e-child\" data-animation-type=\"block\" data-id=\"3366697\" data-element_type=\"container\" data-e-type=\"container\" data-settings=\"{&quot;background_background&quot;:&quot;classic&quot;,&quot;animation&quot;:&quot;ta_fadeinup&quot;,&quot;animation_delay&quot;:100}\">\n\t\t\t\t<\/div>\n\t\t<div class=\"elementor-element elementor-element-29f3aa6 e-con-full e-flex sc_layouts_column_icons_position_left e-con e-child\" data-id=\"29f3aa6\" data-element_type=\"container\" data-e-type=\"container\">\n\t\t<div data-animation-type=\"block\" class=\"elementor-element elementor-element-bca70aa e-con-full e-flex sc_layouts_column_icons_position_left animation_type_block elementor-invisible e-con e-child\" data-id=\"bca70aa\" data-element_type=\"container\" data-e-type=\"container\" data-settings=\"{&quot;animation&quot;:&quot;ta_fadeinup&quot;}\">\n\t\t\t\t<div class=\"elementor-element elementor-element-dab7187 sc_fly_static elementor-widget elementor-widget-heading\" data-id=\"dab7187\" data-element_type=\"widget\" data-e-type=\"widget\" data-widget_type=\"heading.default\">\n\t\t\t\t\t<h6 class=\"elementor-heading-title elementor-size-default\">PROMOCIONES APACHE SKY<\/h6>\t\t\t\t<\/div>\n\t\t\t\t<div class=\"elementor-element elementor-element-c7acd7b sc_fly_static elementor-widget elementor-widget-heading\" data-id=\"c7acd7b\" data-element_type=\"widget\" data-e-type=\"widget\" data-widget_type=\"heading.default\">\n\t\t\t\t\t<h1 class=\"elementor-heading-title elementor-size-default\">BATTLE BUCKS<\/h1>\t\t\t\t<\/div>\n\t\t\t\t<div class=\"elementor-element elementor-element-6dabbb1 sc_fly_static elementor-widget elementor-widget-heading\" data-id=\"6dabbb1\" data-element_type=\"widget\" data-e-type=\"widget\" data-widget_type=\"heading.default\">\n\t\t\t\t\t<h1 class=\"elementor-heading-title elementor-size-default\">\u00a1Dale al barco enemigo! <br>\u00a1Gana hasta 2.000 $ en juego gratis!\n<\/h1>\t\t\t\t<\/div>\n\t\t\t\t<div class=\"elementor-element elementor-element-bd1299d sc_fly_static elementor-widget elementor-widget-text-editor\" data-id=\"bd1299d\" data-element_type=\"widget\" data-e-type=\"widget\" data-widget_type=\"text-editor.default\">\n\t\t\t\t\t\t\t\t\t<p><strong>La guerra est\u00e1 en la sala.<\/strong> Gana puntos el mismo d\u00eda a partir de las 2:00 para clasificarte. Selecciones de 16:00 a 19:00. Dale al barco enemigo y consigue tu juego gratis. Sigue acertando y consigue a\u00fan m\u00e1s juego gratis \u2014 \u00a1hasta 2.000 $!    <strong>\u00a1La victoria nunca se sinti\u00f3 tan bien!<\/strong><\/p>\t\t\t\t\t\t\t\t<\/div>\n\t\t\t\t<div class=\"elementor-element elementor-element-8b51e48 trx-addons-icon-list-traditional elementor-list-item-link-inline trx-addons-icon-left sc_fly_static elementor-widget elementor-widget-trx_elm_icon_list\" data-id=\"8b51e48\" data-element_type=\"widget\" data-e-type=\"widget\" data-widget_type=\"trx_elm_icon_list.default\">\n\t\t\t\t<div class=\"elementor-widget-container\">\n\t\t\t\t\t\t\t<div class=\"trx-addons-list-container\">\n\t\t\t<ul class=\"trx-addons-list-items\">\n\t\t\t\t\t\t\t\t\t\t\t\t\t\t\t\t\t\t\t\t\t<li class=\"trx-addons-icon-list-item trx-addons-icon-list-item-without-link elementor-repeater-item-b666940\">\n\t\t\t\t\t\t\t\t\t\t<span class=\"trx-addons-icon-wrapper\">\n\t\t\t\t\t\t\t\t\t\t<span class=\"trx-addons-icon-list-icon trx-addons-icon \">\n\t\t\t\t\t\t<svg aria-hidden=\"true\" class=\"e-font-icon-svg e-far-clock\" viewBox=\"0 0 512 512\" xmlns=\"http:\/\/www.w3.org\/2000\/svg\"><path d=\"M256 8C119 8 8 119 8 256s111 248 248 248 248-111 248-248S393 8 256 8zm0 448c-110.5 0-200-89.5-200-200S145.5 56 256 56s200 89.5 200 200-89.5 200-200 200zm61.8-104.4l-84.9-61.7c-3.1-2.3-4.9-5.9-4.9-9.7V116c0-6.6 5.4-12 12-12h32c6.6 0 12 5.4 12 12v141.7l66.8 48.6c5.4 3.9 6.5 11.4 2.6 16.8L334.6 349c-3.9 5.3-11.4 6.5-16.8 2.6z\"><\/path><\/svg><\/span>\t\t\t<\/span>\n\t\t\t\t\t\t\t\t\t\t<h6 class=\"trx-addons-icon-list-text\">\n\t\t\t\t\t\t\t\t\u00a1Juega los jueves hasta el 30 de julio!\t\t\t\t\t\t\t<\/h6>\n\t\t\t\t\t\t\t\t\t\t\t\t\t<\/li>\n\t\t\t\t\t\t\t\t\t\t\t\t\t<\/ul>\n\t\t<\/div>\n\t\t\t\t\t\t<\/div>\n\t\t\t\t<\/div>\n\t\t\t\t<div class=\"elementor-element elementor-element-8aae348 sc_fly_static elementor-widget elementor-widget-button\" data-id=\"8aae348\" data-element_type=\"widget\" data-e-type=\"widget\" data-widget_type=\"button.default\">\n\t\t\t\t\t\t\t\t\t\t<a class=\"elementor-button elementor-button-link elementor-size-sm\" href=\"https:\/\/myapachecasinos.com\/gaming-promotions\/\">\n\t\t\t\t\t\t<span class=\"elementor-button-content-wrapper\">\n\t\t\t\t\t\t\t\t\t<span class=\"elementor-button-text\">VER OTRAS PROMOCIONES<\/span>\n\t\t\t\t\t<\/span>\n\t\t\t\t\t<\/a>\n\t\t\t\t\t\t\t\t<\/div>\n\t\t\t\t<div class=\"elementor-element elementor-element-eeb3d45 sc_fly_static elementor-widget elementor-widget-text-editor\" data-id=\"eeb3d45\" data-element_type=\"widget\" data-e-type=\"widget\" data-widget_type=\"text-editor.default\">\n\t\t\t\t\t\t\t\t\t<p>Debes tener 21 a\u00f1os o m\u00e1s. No debes estar vetado ni excluido para participar. Debes estar presente para ganar. La direcci\u00f3n se reserva el derecho de modificar o cancelar esta promoci\u00f3n en cualquier momento. Consulta el Apache Legends Players Club para m\u00e1s detalles y normas. Juega con responsabilidad. \u00bfProblemas con el juego?       Llama al 1-800-NEXT-STEP. <\/p>\t\t\t\t\t\t\t\t<\/div>\n\t\t\t\t<\/div>\n\t\t\t\t<\/div>\n\t\t\t\t\t<\/div>\n\t\t\t\t<\/div>\n\t\t<div class=\"elementor-element elementor-element-bc7928a e-con-full e-flex sc_layouts_column_icons_position_left e-con e-parent\" data-id=\"bc7928a\" data-element_type=\"container\" data-e-type=\"container\" data-settings=\"{&quot;background_background&quot;:&quot;classic&quot;}\">\n\t\t<div data-animation-type=\"block\" class=\"elementor-element elementor-element-5d61f24 e-con-full e-flex sc_layouts_column_icons_position_left animation_type_block elementor-invisible e-con e-child\" data-id=\"5d61f24\" data-element_type=\"container\" data-e-type=\"container\" data-settings=\"{&quot;background_background&quot;:&quot;classic&quot;,&quot;animation&quot;:&quot;ta_fadeinup&quot;}\">\n\t\t\t\t<div class=\"elementor-element elementor-element-825794f trx-addons-animate sc_fly_static elementor-widget elementor-widget-trx_elm_advanced_title\" data-id=\"825794f\" data-element_type=\"widget\" data-e-type=\"widget\" data-widget_type=\"trx_elm_advanced_title.default\">\n\t\t\t\t<div class=\"elementor-widget-container\">\n\t\t\t\t\t<h2 class=\"trx-addons-advanced-title\" style=\"--var-trx-addons-advanced-title-highlight-animation-duration: 2000ms;\">\n<span class=\"trx-addons-advanced-title-item trx-addons-advanced-title-item-text elementor-repeater-item-cd3ebd6\">Juega m\u00e1s. Disfruta m\u00e1s. <\/span>\n<span class=\"trx-addons-advanced-title-item trx-addons-advanced-title-item-text elementor-repeater-item-ecd0003 trx-addons-advanced-title-item-bg-as-text\">Sigue la fiesta.<\/span><\/h2>\t\t\t\t<\/div>\n\t\t\t\t<\/div>\n\t\t\t\t<div class=\"elementor-element elementor-element-0cfd5f4 sc_fly_static elementor-widget elementor-widget-text-editor\" data-id=\"0cfd5f4\" data-element_type=\"widget\" data-e-type=\"widget\" data-widget_type=\"text-editor.default\">\n\t\t\t\t\t\t\t\t\t<p>\u00danete al Apache Legends Players Club y desbloquea recompensas exclusivas, ofertas incre\u00edbles y ventajas solo para miembros \u2014 solo por hacer lo que ya te encanta. Tanto si est\u00e1s girando los rodillos como apilando fichas, tu tarjeta es la clave para que cada visita sea a\u00fan mejor. <\/p>\t\t\t\t\t\t\t\t<\/div>\n\t\t\t\t<div class=\"elementor-element elementor-element-2fe0365 trx-addons-icon-list-traditional elementor-list-item-link-inline trx-addons-icon-left sc_fly_static elementor-widget elementor-widget-trx_elm_icon_list\" data-id=\"2fe0365\" data-element_type=\"widget\" data-e-type=\"widget\" data-widget_type=\"trx_elm_icon_list.default\">\n\t\t\t\t<div class=\"elementor-widget-container\">\n\t\t\t\t\t\t\t<div class=\"trx-addons-list-container\">\n\t\t\t<ul class=\"trx-addons-list-items\">\n\t\t\t\t\t\t\t\t\t\t\t\t\t\t\t\t\t\t\t\t\t<li class=\"trx-addons-icon-list-item trx-addons-icon-list-item-with-link elementor-repeater-item-49dd330\">\n\t\t\t\t\t\t\t\t\t\t\t\t\t\t\t<a href=\"https:\/\/myapachecasinos.com\/players-club\/\">\n\t\t\t\t\t\t\t\t\t\t\t\t\t\t\t<h6 class=\"trx-addons-icon-list-text\">\n\t\t\t\t\t\t\t\t\u00a1\u00danete a la diversi\u00f3n hoy!\t\t\t\t\t\t\t<\/h6>\n\t\t\t\t\t\t\t\t\t\t\t\t\t\t\t<\/a>\n\t\t\t\t\t\t\t\t\t\t\t\t\t\t<\/li>\n\t\t\t\t\t\t\t\t\t\t\t\t\t<\/ul>\n\t\t<\/div>\n\t\t\t\t\t\t<\/div>\n\t\t\t\t<\/div>\n\t\t\t\t<\/div>\n\t\t\t\t<\/div>\n\t\t<div class=\"elementor-element elementor-element-3906dda e-con-full e-flex sc_layouts_column_icons_position_left e-con e-parent\" data-id=\"3906dda\" data-element_type=\"container\" data-e-type=\"container\">\n\t\t<div class=\"elementor-element elementor-element-03fd2e2 e-con-full e-flex sc_layouts_column_icons_position_left e-con e-child\" data-id=\"03fd2e2\" data-element_type=\"container\" data-e-type=\"container\">\n\t\t<div class=\"e-con-gap-no elementor-element elementor-element-ba54e62 e-con-full e-flex sc_layouts_column_icons_position_left e-con e-child\" data-id=\"ba54e62\" data-element_type=\"container\" data-e-type=\"container\">\n\t\t\t\t<\/div>\n\t\t<div class=\"e-con-gap-no elementor-element elementor-element-a8efea1 e-con-full e-flex sc_layouts_column_icons_position_left e-con e-child\" data-id=\"a8efea1\" data-element_type=\"container\" data-e-type=\"container\">\n\t\t\t\t<\/div>\n\t\t<div class=\"e-con-gap-no elementor-element elementor-element-4d44d2a e-con-full e-flex sc_layouts_column_icons_position_left e-con e-child\" data-id=\"4d44d2a\" data-element_type=\"container\" data-e-type=\"container\">\n\t\t\t\t<\/div>\n\t\t<div class=\"e-con-gap-no elementor-element elementor-element-cf4cf2c e-con-full e-flex sc_layouts_column_icons_position_left e-con e-child\" data-id=\"cf4cf2c\" data-element_type=\"container\" data-e-type=\"container\">\n\t\t\t\t<\/div>\n\t\t\t\t<\/div>\n\t\t<div class=\"elementor-element elementor-element-749b388 e-con-full e-flex sc_layouts_column_icons_position_left e-con e-child\" data-id=\"749b388\" data-element_type=\"container\" data-e-type=\"container\">\n\t\t<div class=\"elementor-element elementor-element-a892a76 e-con-full e-flex sc_layouts_column_icons_position_left e-con e-child\" data-id=\"a892a76\" data-element_type=\"container\" data-e-type=\"container\">\n\t\t<div data-animation-type=\"block\" class=\"elementor-element elementor-element-53fa383 e-con-full e-flex sc_layouts_column_icons_position_left animation_type_block elementor-invisible e-con e-child\" data-id=\"53fa383\" data-element_type=\"container\" data-e-type=\"container\" data-settings=\"{&quot;animation&quot;:&quot;ta_fadeinup&quot;}\">\n\t\t\t\t<div data-animation-type=\"block\" class=\"elementor-element elementor-element-bd79941 animation_type_block sc_fly_static elementor-invisible elementor-widget elementor-widget-heading\" data-id=\"bd79941\" data-element_type=\"widget\" data-e-type=\"widget\" data-settings=\"{&quot;_animation&quot;:&quot;ta_fadeinup&quot;}\" data-widget_type=\"heading.default\">\n\t\t\t\t\t<h6 class=\"elementor-heading-title elementor-size-default\">DESCUBRE LO QUE TENEMOS PARA OFRECERTE<\/h6>\t\t\t\t<\/div>\n\t\t\t\t<div class=\"elementor-element elementor-element-6d47400 elementor-widget__width-initial trx-addons-animate sc_fly_static elementor-widget elementor-widget-trx_elm_advanced_title\" data-id=\"6d47400\" data-element_type=\"widget\" data-e-type=\"widget\" data-widget_type=\"trx_elm_advanced_title.default\">\n\t\t\t\t<div class=\"elementor-widget-container\">\n\t\t\t\t\t<h2 class=\"trx-addons-advanced-title\" style=\"--var-trx-addons-advanced-title-highlight-animation-duration: 2000ms;\">\n<span class=\"trx-addons-advanced-title-item trx-addons-advanced-title-item-text elementor-repeater-item-dd935e4\">M\u00e1s formas de jugar. La diversi\u00f3n nunca se sinti\u00f3 tan bien. <\/span><\/h2>\t\t\t\t<\/div>\n\t\t\t\t<\/div>\n\t\t\t\t<div class=\"elementor-element elementor-element-958592c elementor-widget__width-initial sc_fly_static elementor-widget elementor-widget-text-editor\" data-id=\"958592c\" data-element_type=\"widget\" data-e-type=\"widget\" data-widget_type=\"text-editor.default\">\n\t\t\t\t\t\t\t\t\t<p>G\u00edralo. Reparte. Apuesta. Gana. Tu racha de suerte est\u00e1 a punto de empezar.    <\/p>\t\t\t\t\t\t\t\t<\/div>\n\t\t\t\t<\/div>\n\t\t<div data-animation-type=\"block\" class=\"elementor-element elementor-element-c9ebf85 e-con-full e-flex sc_layouts_column_icons_position_left animation_type_block elementor-invisible e-con e-child\" data-id=\"c9ebf85\" data-element_type=\"container\" data-e-type=\"container\" data-settings=\"{&quot;animation&quot;:&quot;ta_fadeinup&quot;}\">\n\t\t\t\t<div class=\"elementor-element elementor-element-a428606 sc_fly_static elementor-widget elementor-widget-button\" data-id=\"a428606\" data-element_type=\"widget\" data-e-type=\"widget\" data-widget_type=\"button.default\">\n\t\t\t\t\t\t\t\t\t\t<a class=\"elementor-button elementor-button-link elementor-size-sm\" href=\"https:\/\/myapachecasinos.com\/play\/\">\n\t\t\t\t\t\t<span class=\"elementor-button-content-wrapper\">\n\t\t\t\t\t\t\t\t\t<span class=\"elementor-button-text\">M\u00c1S INFORMACI\u00d3N<\/span>\n\t\t\t\t\t<\/span>\n\t\t\t\t\t<\/a>\n\t\t\t\t\t\t\t\t<\/div>\n\t\t\t\t<\/div>\n\t\t\t\t<\/div>\n\t\t<div class=\"elementor-element elementor-element-29145ba e-con-full e-flex sc_layouts_column_icons_position_left e-con e-child\" data-id=\"29145ba\" data-element_type=\"container\" data-e-type=\"container\">\n\t\t\t\t<div data-animation-type=\"block\" class=\"elementor-element elementor-element-a2f7c43 with-elementor-animation-trx_hover_zoom with-hover-on-widget trx-addons-info-box-top animation_type_block sc_fly_static elementor-invisible elementor-widget elementor-widget-trx_elm_info_box\" data-id=\"a2f7c43\" data-element_type=\"widget\" data-e-type=\"widget\" data-settings=\"{&quot;_animation&quot;:&quot;ta_fadeinup&quot;,&quot;_animation_delay&quot;:100,&quot;icon_position&quot;:&quot;top&quot;}\" data-widget_type=\"trx_elm_info_box.default\">\n\t\t\t\t<div class=\"elementor-widget-container\">\n\t\t\t\t\t\t\t<div class=\"trx-addons-info-box-container\"><a class=\"trx-addons-info-box-container-link\" href=\"https:\/\/myapachecasinos.com\/gaming-promotions\/\"><\/a><div class=\"trx-addons-info-box\">\n\t\t\t\t\t\t\t\t\t<div class=\"trx-addons-info-box-icon-wrap trx-addons-info-box-icon-type-image\">\t\t<span class=\"trx-addons-info-box-icon trx-addons-icon\">\n\t\t\t<span class=\"trx-addons-info-box-icon-inner elementor-animation-trx_hover_zoom\">\n\t\t\t\t<img fetchpriority=\"high\" decoding=\"async\" width=\"760\" height=\"798\" src=\"https:\/\/myapachecasinos.com\/wp-content\/uploads\/2026\/04\/bottom-highlights.png\" class=\"attachment-full size-full wp-image-7896\" alt=\"\" srcset=\"https:\/\/myapachecasinos.com\/wp-content\/uploads\/2026\/04\/bottom-highlights.png 760w, https:\/\/myapachecasinos.com\/wp-content\/uploads\/2026\/04\/bottom-highlights-286x300.png 286w, https:\/\/myapachecasinos.com\/wp-content\/uploads\/2026\/04\/bottom-highlights-370x389.png 370w, https:\/\/myapachecasinos.com\/wp-content\/uploads\/2026\/04\/bottom-highlights-410x431.png 410w, https:\/\/myapachecasinos.com\/wp-content\/uploads\/2026\/04\/bottom-highlights-630x662.png 630w, https:\/\/myapachecasinos.com\/wp-content\/uploads\/2026\/04\/bottom-highlights-476x500.png 476w, https:\/\/myapachecasinos.com\/wp-content\/uploads\/2026\/04\/bottom-highlights-381x400.png 381w\" sizes=\"(max-width: 767px) 100vw, 760px\" \/>\t\t\t<\/span>\n\t\t<\/span>\n\t\t<\/div>\n\t\t\t\t\t\t\t\t<div class=\"trx-addons-info-box-content\">\n\t\t\t\t\t<div class=\"trx-addons-info-box-title-wrap\">\n\t\t\t\t\t\t\t\t\t\t\t\t\t<div class=\"trx-addons-info-box-title-container\">\n\t\t\t\t\t\t\t\t<h5 class=\"trx-addons-info-box-title\">Promociones<\/h5>\n\t\t\t\t\t\t\t<\/div>\n\t\t\t\t\t\t\t\t\t\t\t\t<\/div>\n\n\t\t\t\t\t\n\t\t\t\t\t\t\t\t\t\t\t<div class=\"trx-addons-info-box-description\">\n\t\t\t\t\t\t\t<p>Promociones llenas de energ\u00eda, premios emocionantes y la emoci\u00f3n del juego que te hace volver a por m\u00e1s.<\/p>\t\t\t\t\t\t<\/div>\n\t\t\t\t\t\t\t\t\t\t\t\t\t\t<\/div>\n\t\t\t<\/div>\n\t\t<\/div>\n\t\t\t\t\t\t<\/div>\n\t\t\t\t<\/div>\n\t\t\t\t<\/div>\n\t\t<div class=\"elementor-element elementor-element-f2a6a6f e-con-full e-flex sc_layouts_column_icons_position_left e-con e-child\" data-id=\"f2a6a6f\" data-element_type=\"container\" data-e-type=\"container\">\n\t\t\t\t<div data-animation-type=\"block\" class=\"elementor-element elementor-element-5a628a1 with-elementor-animation-trx_hover_zoom with-hover-on-widget trx-addons-info-box-top animation_type_block sc_fly_static elementor-invisible elementor-widget elementor-widget-trx_elm_info_box\" data-id=\"5a628a1\" data-element_type=\"widget\" data-e-type=\"widget\" data-settings=\"{&quot;_animation&quot;:&quot;ta_fadeinup&quot;,&quot;_animation_delay&quot;:200,&quot;icon_position&quot;:&quot;top&quot;}\" data-widget_type=\"trx_elm_info_box.default\">\n\t\t\t\t<div class=\"elementor-widget-container\">\n\t\t\t\t\t\t\t<div class=\"trx-addons-info-box-container\"><a class=\"trx-addons-info-box-container-link\" href=\"https:\/\/myapachecasinos.com\/table-games\/\"><\/a><div class=\"trx-addons-info-box\">\n\t\t\t\t\t\t\t\t\t<div class=\"trx-addons-info-box-icon-wrap trx-addons-info-box-icon-type-image\">\t\t<span class=\"trx-addons-info-box-icon trx-addons-icon\">\n\t\t\t<span class=\"trx-addons-info-box-icon-inner elementor-animation-trx_hover_zoom\">\n\t\t\t\t<img decoding=\"async\" width=\"760\" height=\"798\" src=\"https:\/\/myapachecasinos.com\/wp-content\/uploads\/2026\/02\/table-block.png\" class=\"attachment-full size-full wp-image-5709\" alt=\"\" srcset=\"https:\/\/myapachecasinos.com\/wp-content\/uploads\/2026\/02\/table-block.png 760w, https:\/\/myapachecasinos.com\/wp-content\/uploads\/2026\/02\/table-block-286x300.png 286w, https:\/\/myapachecasinos.com\/wp-content\/uploads\/2026\/02\/table-block-370x389.png 370w, https:\/\/myapachecasinos.com\/wp-content\/uploads\/2026\/02\/table-block-410x431.png 410w, https:\/\/myapachecasinos.com\/wp-content\/uploads\/2026\/02\/table-block-630x662.png 630w, https:\/\/myapachecasinos.com\/wp-content\/uploads\/2026\/02\/table-block-476x500.png 476w, https:\/\/myapachecasinos.com\/wp-content\/uploads\/2026\/02\/table-block-381x400.png 381w\" sizes=\"(max-width: 767px) 100vw, 760px\" \/>\t\t\t<\/span>\n\t\t<\/span>\n\t\t<\/div>\n\t\t\t\t\t\t\t\t<div class=\"trx-addons-info-box-content\">\n\t\t\t\t\t<div class=\"trx-addons-info-box-title-wrap\">\n\t\t\t\t\t\t\t\t\t\t\t\t\t<div class=\"trx-addons-info-box-title-container\">\n\t\t\t\t\t\t\t\t<h5 class=\"trx-addons-info-box-title\">Juegos de mesa<\/h5>\n\t\t\t\t\t\t\t<\/div>\n\t\t\t\t\t\t\t\t\t\t\t\t<\/div>\n\n\t\t\t\t\t\n\t\t\t\t\t\t\t\t\t\t\t<div class=\"trx-addons-info-box-description\">\n\t\t\t\t\t\t\t<p>\u00danete a mesas en vivo y disfruta de crupieres reales, juego instant\u00e1neo y la aut\u00e9ntica emoci\u00f3n del casino.<\/p>\t\t\t\t\t\t<\/div>\n\t\t\t\t\t\t\t\t\t\t\t\t\t\t<\/div>\n\t\t\t<\/div>\n\t\t<\/div>\n\t\t\t\t\t\t<\/div>\n\t\t\t\t<\/div>\n\t\t\t\t<\/div>\n\t\t<div class=\"elementor-element elementor-element-c53c53b e-con-full e-flex sc_layouts_column_icons_position_left e-con e-child\" data-id=\"c53c53b\" data-element_type=\"container\" data-e-type=\"container\">\n\t\t\t\t<div data-animation-type=\"block\" class=\"elementor-element elementor-element-21a54f6 with-elementor-animation-trx_hover_zoom with-hover-on-widget trx-addons-info-box-top animation_type_block sc_fly_static elementor-invisible elementor-widget elementor-widget-trx_elm_info_box\" data-id=\"21a54f6\" data-element_type=\"widget\" data-e-type=\"widget\" data-settings=\"{&quot;_animation&quot;:&quot;ta_fadeinup&quot;,&quot;_animation_delay&quot;:300,&quot;icon_position&quot;:&quot;top&quot;}\" data-widget_type=\"trx_elm_info_box.default\">\n\t\t\t\t<div class=\"elementor-widget-container\">\n\t\t\t\t\t\t\t<div class=\"trx-addons-info-box-container\"><a class=\"trx-addons-info-box-container-link\" href=\"https:\/\/myapachecasinos.com\/apache-sports\/\"><\/a><div class=\"trx-addons-info-box\">\n\t\t\t\t\t\t\t\t\t<div class=\"trx-addons-info-box-icon-wrap trx-addons-info-box-icon-type-image\">\t\t<span class=\"trx-addons-info-box-icon trx-addons-icon\">\n\t\t\t<span class=\"trx-addons-info-box-icon-inner elementor-animation-trx_hover_zoom\">\n\t\t\t\t<img decoding=\"async\" width=\"760\" height=\"798\" src=\"https:\/\/myapachecasinos.com\/wp-content\/uploads\/2026\/02\/betting-block.webp\" class=\"attachment-full size-full wp-image-5705\" alt=\"\" srcset=\"https:\/\/myapachecasinos.com\/wp-content\/uploads\/2026\/02\/betting-block.webp 760w, https:\/\/myapachecasinos.com\/wp-content\/uploads\/2026\/02\/betting-block-286x300.webp 286w, https:\/\/myapachecasinos.com\/wp-content\/uploads\/2026\/02\/betting-block-370x389.webp 370w, https:\/\/myapachecasinos.com\/wp-content\/uploads\/2026\/02\/betting-block-410x431.webp 410w, https:\/\/myapachecasinos.com\/wp-content\/uploads\/2026\/02\/betting-block-630x662.webp 630w, https:\/\/myapachecasinos.com\/wp-content\/uploads\/2026\/02\/betting-block-476x500.webp 476w, https:\/\/myapachecasinos.com\/wp-content\/uploads\/2026\/02\/betting-block-381x400.webp 381w\" sizes=\"(max-width: 767px) 100vw, 760px\" \/>\t\t\t<\/span>\n\t\t<\/span>\n\t\t<\/div>\n\t\t\t\t\t\t\t\t<div class=\"trx-addons-info-box-content\">\n\t\t\t\t\t<div class=\"trx-addons-info-box-title-wrap\">\n\t\t\t\t\t\t\t\t\t\t\t\t\t<div class=\"trx-addons-info-box-title-container\">\n\t\t\t\t\t\t\t\t<h5 class=\"trx-addons-info-box-title\">Apuestas deportivas<\/h5>\n\t\t\t\t\t\t\t<\/div>\n\t\t\t\t\t\t\t\t\t\t\t\t<\/div>\n\n\t\t\t\t\t\n\t\t\t\t\t\t\t\t\t\t\t<div class=\"trx-addons-info-box-description\">\n\t\t\t\t\t\t\t<p>Apuesta en los mejores deportes con grandes cuotas, apuestas en vivo y pagos r\u00e1pidos en todo momento.<\/p>\t\t\t\t\t\t<\/div>\n\t\t\t\t\t\t\t\t\t\t\t\t\t\t<\/div>\n\t\t\t<\/div>\n\t\t<\/div>\n\t\t\t\t\t\t<\/div>\n\t\t\t\t<\/div>\n\t\t\t\t<\/div>\n\t\t\t\t<\/div>\n\t\t<div class=\"elementor-element elementor-element-fbbe96d e-con-full e-flex sc_layouts_column_icons_position_left e-con e-child\" data-id=\"fbbe96d\" data-element_type=\"container\" data-e-type=\"container\">\n\t\t<div class=\"e-con-gap-no elementor-element elementor-element-52d25a9 e-con-full e-flex sc_layouts_column_icons_position_left e-con e-child\" data-id=\"52d25a9\" data-element_type=\"container\" data-e-type=\"container\">\n\t\t\t\t<\/div>\n\t\t<div class=\"e-con-gap-no elementor-element elementor-element-157be97 e-con-full e-flex sc_layouts_column_icons_position_left e-con e-child\" data-id=\"157be97\" data-element_type=\"container\" data-e-type=\"container\">\n\t\t\t\t<\/div>\n\t\t<div class=\"e-con-gap-no elementor-element elementor-element-e6a6243 e-con-full e-flex sc_layouts_column_icons_position_left e-con e-child\" data-id=\"e6a6243\" data-element_type=\"container\" data-e-type=\"container\">\n\t\t\t\t<\/div>\n\t\t<div class=\"e-con-gap-no elementor-element elementor-element-2ef2e2c e-con-full e-flex sc_layouts_column_icons_position_left e-con e-child\" data-id=\"2ef2e2c\" data-element_type=\"container\" data-e-type=\"container\">\n\t\t\t\t<\/div>\n\t\t\t\t<\/div>\n\t\t\t\t<\/div>\n\t\t<div class=\"e-con-gap-no elementor-element elementor-element-9ac091a e-con-full e-flex sc_layouts_column_icons_position_left e-con e-parent\" data-id=\"9ac091a\" data-element_type=\"container\" data-e-type=\"container\">\n\t\t<div class=\"st-theme-sky e-con-gap-no elementor-element elementor-element-49d4d60 e-con-full e-flex sc_layouts_column_icons_position_left e-con e-child\" data-id=\"49d4d60\" data-element_type=\"container\" data-e-type=\"container\" data-settings=\"{&quot;background_background&quot;:&quot;classic&quot;}\">\n\t\t<div class=\"elementor-element elementor-element-196cef6 e-con-full e-flex sc_layouts_column_icons_position_left e-con e-child\" data-id=\"196cef6\" data-element_type=\"container\" data-e-type=\"container\" data-settings=\"{&quot;background_background&quot;:&quot;classic&quot;}\">\n\t\t\t\t<div data-animation-type=\"block\" class=\"elementor-element elementor-element-e12f63a animation_type_block sc_fly_static elementor-invisible elementor-widget elementor-widget-heading\" data-id=\"e12f63a\" data-element_type=\"widget\" data-e-type=\"widget\" data-settings=\"{&quot;_animation&quot;:&quot;ta_fadein&quot;}\" data-widget_type=\"heading.default\">\n\t\t\t\t\t<p class=\"elementor-heading-title elementor-size-default\">Juega con responsabilidad. \u00bfProblemas con el juego? Llama al <b>1-800-NEXT-STEP<\/b> o env\u00eda un SMS con <b>NEXTSTEP<\/b> al <b>53342<\/b>  <\/p>\t\t\t\t<\/div>\n\t\t\t\t<\/div>\n\t\t\t\t<\/div>\n\t\t\t\t<\/div>\n\t\t\t\t<\/div>\n\t\t","protected":false},"excerpt":{"rendered":"<p>PROMOCIONES APACHE SKY BATTLE BUCKS \u00a1Dale al barco enemigo! \u00a1Gana hasta 2.000 $&hellip;<\/p>\n","protected":false},"author":1,"featured_media":0,"parent":0,"menu_order":0,"comment_status":"closed","ping_status":"closed","template":"","meta":{"footnotes":""},"class_list":["post-8816","page","type-page","status-publish","hentry"],"_links":{"self":[{"href":"https:\/\/myapachecasinos.com\/es\/wp-json\/wp\/v2\/pages\/8816","targetHints":{"allow":["GET"]}}],"collection":[{"href":"https:\/\/myapachecasinos.com\/es\/wp-json\/wp\/v2\/pages"}],"about":[{"href":"https:\/\/myapachecasinos.com\/es\/wp-json\/wp\/v2\/types\/page"}],"author":[{"embeddable":true,"href":"https:\/\/myapachecasinos.com\/es\/wp-json\/wp\/v2\/users\/1"}],"replies":[{"embeddable":true,"href":"https:\/\/myapachecasinos.com\/es\/wp-json\/wp\/v2\/comments?post=8816"}],"version-history":[{"count":1,"href":"https:\/\/myapachecasinos.com\/es\/wp-json\/wp\/v2\/pages\/8816\/revisions"}],"predecessor-version":[{"id":8818,"href":"https:\/\/myapachecasinos.com\/es\/wp-json\/wp\/v2\/pages\/8816\/revisions\/8818"}],"wp:attachment":[{"href":"https:\/\/myapachecasinos.com\/es\/wp-json\/wp\/v2\/media?parent=8816"}],"curies":[{"name":"wp","href":"https:\/\/api.w.org\/{rel}","templated":true}]}}