{"id":8940,"date":"2026-01-23T00:34:01","date_gmt":"2026-01-23T00:34:01","guid":{"rendered":"https:\/\/myapachecasinos.com\/condiciones-de-uso\/"},"modified":"2026-04-29T16:07:06","modified_gmt":"2026-04-29T16:07:06","slug":"condiciones-de-uso","status":"publish","type":"page","link":"https:\/\/myapachecasinos.com\/es\/condiciones-de-uso\/","title":{"rendered":"CONDICIONES DE USO"},"content":{"rendered":"\t\t<div data-elementor-type=\"wp-page\" data-elementor-id=\"8940\" class=\"elementor elementor-8940 elementor-4006\">\n\t\t\t\t<div class=\"elementor-element elementor-element-3ffd0691 e-flex e-con-boxed sc_layouts_column_icons_position_left e-con e-parent\" data-id=\"3ffd0691\" data-element_type=\"container\" data-e-type=\"container\">\n\t\t\t\t\t<div class=\"e-con-inner\">\n\t\t\t\t<div class=\"elementor-element elementor-element-da57fd2 trx-addons-animate sc_fly_static elementor-widget elementor-widget-trx_elm_advanced_title\" data-id=\"da57fd2\" data-element_type=\"widget\" data-e-type=\"widget\" data-widget_type=\"trx_elm_advanced_title.default\">\n\t\t\t\t<div class=\"elementor-widget-container\">\n\t\t\t\t\t<h2 class=\"trx-addons-advanced-title\" style=\"--var-trx-addons-advanced-title-highlight-animation-duration: 2000ms;\">\n<span class=\"trx-addons-advanced-title-item trx-addons-advanced-title-item-text elementor-repeater-item-9a3b6fa trx-addons-advanced-title-item-bg-as-text\">CONDICIONES<\/span>\n<span class=\"trx-addons-advanced-title-item trx-addons-advanced-title-item-text elementor-repeater-item-4159ed0\">DE USO<\/span><\/h2>\t\t\t\t<\/div>\n\t\t\t\t<\/div>\n\t\t\t\t<div class=\"elementor-element elementor-element-6b0298f3 sc_fly_static elementor-widget elementor-widget-text-editor\" data-id=\"6b0298f3\" data-element_type=\"widget\" data-e-type=\"widget\" data-widget_type=\"text-editor.default\">\n\t\t\t\t\t\t\t\t\t<h2 style=\"--var-trx-addons-advanced-title-highlight-animation-duration: 2000ms;\"><span style=\"font-family: 'Sofia Sans Condensed', sans-serif; font-size: 28px; font-style: normal; font-weight: bold;\">1. T\u00c9RMINOS OBLIGATORIOS Y ACEPTACI\u00d3N\/LIMITACIONES<\/span><\/h2><p>La lectura y aceptaci\u00f3n de las Condiciones de uso, as\u00ed como la lectura y aceptaci\u00f3n de las disposiciones de nuestra Pol\u00edtica de privacidad (as\u00ed denominada en el presente documento) en <a href=\"https:\/\/myapachegoldcasinoresort.com\/\">https:\/\/myapachegoldcasinoresort.com<\/a>, son requisitos indispensables para tu visita a <a href=\"https:\/\/myapachegoldcasinoresort.com\/\">https:\/\/myapachegoldcasinoresort.com<\/a> (\u201cel Sitio\u201d) y para tu derecho a visitar, leer o interactuar con el mismo. Se deniega el acceso al Sitio a toda persona que no lea y acepte las Condiciones de uso y la Pol\u00edtica de privacidad. Al visualizar, visitar, utilizar o interactuar con el Sitio o con cualquier banner, ventana emergente o publicidad que aparezca en \u00e9l, aceptas todas las disposiciones de estas Condiciones de uso y de la Pol\u00edtica de privacidad.  <\/p><p>Se deniega el acceso al Sitio a todas las personas menores de 18 a\u00f1os. Si eres menor de 18 a\u00f1os, es ilegal que visites, leas o interact\u00faes con el Sitio o sus contenidos de cualquier manera. El Sitio, sus propietarios y sus afiliados deniegan espec\u00edficamente el acceso a cualquier persona amparada por la Ley de Protecci\u00f3n de la Privacidad Infantil en Internet (COPA) de 1998. Si eres menor de 18 a\u00f1os, debes abandonar el Sitio inmediatamente. El uso fraudulento del Sitio y la falsificaci\u00f3n de tu edad pueden someterte a sanciones civiles o penales.    <\/p><p>El Sitio, sus propietarios y afiliados se reservan el derecho de denegar el acceso a cualquier persona o espectador por cualquier motivo. Bajo estas Condiciones de uso y la Pol\u00edtica de privacidad (que aceptas como condici\u00f3n para la visualizaci\u00f3n), el Sitio est\u00e1 autorizado a recopilar y almacenar datos e informaci\u00f3n con fines de exclusi\u00f3n y por otros motivos. <\/p><p>Estas Condiciones de uso pueden cambiar de vez en cuando. Los visitantes tienen el deber afirmativo de mantenerse informados de los cambios. <\/p><p><b>AVISO IMPORTANTE: <\/b>Debes tener 18 a\u00f1os o m\u00e1s para usar este sitio web y 21 a\u00f1os o m\u00e1s para jugar en nuestras instalaciones. El juego conlleva una responsabilidad. Si necesitas ayuda, llama al 1-800-NEXT-STEP.  <\/p><h4>2. PARTES<\/h4><h6>INFORMACI\u00d3N NO IDENTIFICABLE<\/h6><p>Los visitantes, espectadores, usuarios, suscriptores, miembros o clientes se denominan colectivamente \u201cVisitantes\u201d e individualmente \u201ct\u00fa\u201d, y son partes de este acuerdo. El sitio web y sus propietarios, operadores y afiliados tribales o corporativos son partes de este acuerdo y se denominan colectivamente \u201cel Sitio\u201d y, a veces, \u201cnosotros\u201d. Para obtener m\u00e1s informaci\u00f3n sobre los propietarios, operadores y afiliados tribales o corporativos, puedes ponerte en contacto con el Sitio en:  <\/p><p>Apache Gold Casino<\/p><p>777 Geronimo Springs Blvd.<\/p><p>Cutter Industrial Park<\/p><p>San Carlos, AZ 85550<\/p><p>socialmedia@agcr.us<\/p><h4>3. AVISO PARA USUARIOS INTERNACIONALES<\/h4><p>El Sitio est\u00e1 controlado y operado por la Tribu Apache de San Carlos en los Estados Unidos. No se garantiza que el Sitio sea apropiado para su uso en tu ubicaci\u00f3n. Aceptas cumplir con todas las normas locales que te sean aplicables con respecto a la conducta del usuario en Internet y al contenido aceptable. Tambi\u00e9n aceptas cumplir con todas las leyes aplicables relativas a la transmisi\u00f3n de datos t\u00e9cnicos exportados desde los Estados Unidos o el pa\u00eds en el que residas.   <\/p><h4>4. PROPIEDAD Y USO DE LA INFORMACI\u00d3N DEL SITIO<\/h4><p>Los contenidos del Sitio son propiedad de la Tribu Apache de San Carlos o est\u00e1n bajo su licencia, la cual tiene autoridad para participar en actividades de juego con el fin de recaudar ingresos y promover el desarrollo econ\u00f3mico. El material contenido en el Sitio debe presumirse como privado y protegido por derechos de autor. A menos que hayas celebrado un contrato expreso por escrito con el Sitio que indique lo contrario, no tienes derecho a utilizar esta informaci\u00f3n en un entorno comercial o p\u00fablico, ni tienes derecho a difundirla, copiarla, venderla o publicar cualquier parte del contenido. Al visualizar los contenidos del Sitio, aceptas esta condici\u00f3n de visualizaci\u00f3n y reconoces que cualquier uso no autorizado es ilegal y puede someterte a sanciones civiles o penales. Esta restricci\u00f3n de uso se aplica a todo el contenido visible, as\u00ed como a las bases de datos, p\u00e1ginas invisibles, p\u00e1ginas enlazadas, c\u00f3digo subyacente u otra propiedad intelectual que el Sitio pueda contener. Entiendes que la aceptaci\u00f3n de esta disposici\u00f3n es una condici\u00f3n para la visualizaci\u00f3n y que la visualizaci\u00f3n constituye su aceptaci\u00f3n.     <\/p><h4>5. LEY DE DERECHOS DE AUTOR DE LA ERA DIGITAL (DMCA)<\/h4><p>Seguimos las disposiciones de notificaci\u00f3n y retirada de la Ley de Derechos de Autor de la Era Digital (la \u201cDMCA\u201d). Adem\u00e1s, podemos cancelar la cuenta y los derechos de acceso de cualquier infractor reincidente en las circunstancias apropiadas. Si eres propietario de derechos de autor o el agente legal de un propietario de derechos de autor, y crees que tus derechos de autor u otros derechos de propiedad intelectual han sido infringidos en el Sitio, ponte en contacto con el asesor legal del Sitio en:  <\/p><p>Titla &amp; Parsi. PLLC <\/p><p>245 S. Hill Street<\/p><p>Globe, AZ, 85502-1143<\/p><p>(928) 425-8137<\/p><h4>6. SITIOS DE TERCEROS<\/h4><p>El Sitio puede contener enlaces a sitios web operados por terceros (\u201cSitios de Terceros\u201d) y es posible que puedas compartir informaci\u00f3n con Sitios de Terceros a trav\u00e9s de enlaces en el Sitio; sin embargo, no somos propietarios ni operamos los Sitios de Terceros, y no hemos revisado, ni podemos revisar, todo el material, incluidos bienes o servicios, disponible a trav\u00e9s de los Sitios de Terceros. La disponibilidad de estos enlaces en el Sitio no representa, garantiza ni implica que respaldemos ning\u00fan Sitio de Terceros ni ning\u00fan material, opini\u00f3n, bien o servicio disponible en ellos. Los materiales de terceros a los que se acceda o que se utilicen por medio de los Sitios de Terceros tambi\u00e9n pueden estar protegidos por las leyes de derechos de autor y otras leyes de propiedad intelectual. Estas Condiciones de servicio no se aplican a los Sitios de Terceros. Antes de visitar un Sitio de Terceros a trav\u00e9s de enlaces u otros medios proporcionados en el Servicio o a trav\u00e9s de \u00e9l, debes revisar los t\u00e9rminos y condiciones y la pol\u00edtica de privacidad del Sitio de Terceros, e informarte de las regulaciones, pol\u00edticas y pr\u00e1cticas de dichos Sitios de Terceros.    <\/p><h4>7. DIVULGACI\u00d3N A TERCEROS<\/h4><p>No vendemos, comercializamos ni transferimos de otro modo a partes externas tu Informaci\u00f3n de identificaci\u00f3n personal a menos que avisemos a los usuarios con antelaci\u00f3n. Esto no incluye a los socios de alojamiento de sitios web y otras partes que nos ayudan a operar nuestro sitio web, llevar a cabo nuestro negocio o servir a nuestros usuarios, siempre que dichas partes acuerden mantener esta informaci\u00f3n confidencial. Tambi\u00e9n podemos divulgar informaci\u00f3n cuando su divulgaci\u00f3n sea apropiada para cumplir con la ley, hacer cumplir las pol\u00edticas de nuestro sitio o proteger nuestros derechos, propiedad o seguridad, o los de otros.  <\/p><p>Sin embargo, la informaci\u00f3n del visitante que no sea de identificaci\u00f3n personal puede proporcionarse a otras partes para marketing, publicidad u otros usos.<\/p><h4>8. EXENCIONES DE RESPONSABILIDAD<\/h4><p>El Sitio declina cualquier responsabilidad por la exactitud del contenido. Los visitantes asumen todo el riesgo de visualizar, leer, utilizar o confiar en la informaci\u00f3n proporcionada en el Sitio. A menos que hayas formalizado un contrato expreso en sentido contrario con el sitio web, no tienes derecho a confiar en que ninguna informaci\u00f3n contenida en este documento sea exacta. El sitio web no ofrece tal garant\u00eda.   <\/p><p>Se toman todas las precauciones razonables para asegurar la disponibilidad del Sitio y para garantizar que cualquier informaci\u00f3n enviada electr\u00f3nicamente por un Visitante se almacene hasta que se elimine intencionadamente de acuerdo con los t\u00e9rminos aqu\u00ed expuestos. Sin embargo, pueden producirse eventos fuera del control del Sitio y de sus propietarios, operadores y proveedores de alojamiento que causen la \u201cca\u00edda\u201d del sitio y la p\u00e9rdida de datos electr\u00f3nicos. En tales casos, el Sitio no es responsable de la p\u00e9rdida de ninguna transmisi\u00f3n de datos.  <\/p><p>Tambi\u00e9n se toman precauciones razonables para asegurar que el Sitio est\u00e9 libre de virus, troyanos, adware, spyware y otros programas intrusivos y no autorizados (colectivamente, \u201cprogramas intrusivos\u201d). Si tales programas invaden el Sitio, se realizar\u00e1n todos los esfuerzos razonables para eliminarlos y el Sitio no ser\u00e1 responsable de ning\u00fan da\u00f1o o instalaci\u00f3n de programas intrusivos que puedan afectar a cualquier Visitante del Sitio o a cualquier destinatario de correos electr\u00f3nicos de transmisiones electr\u00f3nicas desde el dominio del Sitio. El Sitio no practica el uso de spyware, adware u otros programas intrusivos para ver y\/o recopilar datos sobre sus Visitantes (<em>consulta<\/em> nuestra Pol\u00edtica de privacidad con respecto a los datos que s\u00ed recopilamos). Se recomienda a los Visitantes que se aseguren de que sus sistemas inform\u00e1ticos est\u00e9n actualizados con los programas de software antivirus, anti-adware y otros programas de protecci\u00f3n adecuados.   <\/p><p>Tus visualizaciones e interacciones con el Sitio o con la publicidad y los Enlaces de Terceros mostrados en el Sitio son bajo tu propio riesgo. Renuncias para siempre a todo derecho a reclamaciones por da\u00f1os de cualquier tipo resultantes de tu visualizaci\u00f3n e interacci\u00f3n leg\u00edtimas con el Sitio. <\/p><h4>9. REEMBOLSO POR DA\u00d1OS AL SITIO<\/h4><p>Aceptas que si da\u00f1as intencionadamente el Sitio, nosotros lo repararemos, pero t\u00fa ser\u00e1s responsable de reembolsar al Sitio dichos da\u00f1os, adem\u00e1s de cualquier otra acci\u00f3n penal o civil que el Sitio emprenda contra ti.<\/p><h4>10. DISPUTAS, JURISDICCI\u00d3N Y COMPETENCIA<\/h4><p>Las disputas se gestionar\u00e1n bajo las leyes aplicables de la Tribu Apache de San Carlos y se resolver\u00e1n mediante arbitraje en lugar de juicio judicial. De acuerdo con la ley aplicable, cualquier disputa que involucre errores en el Sitio ser\u00e1 corregida r\u00e1pidamente. Si procede, la parte vencedora en una disputa ser\u00e1 reembolsada por la otra parte por todos y cada uno de los costes asociados con la resoluci\u00f3n de la disputa, incluidos los honorarios de abogados, gastos de cobro, gastos de investigaci\u00f3n y gastos de viaje.  <\/p><h4>11. INFORMACI\u00d3N DE CONTACTO<\/h4><p>Apache Gold Casino<\/p><p>777 Geronimo Springs Blvd.<\/p><p>Cutter Industrial Park<\/p><p>San Carlos, AZ 85550<\/p><p><a href=\"mailto:socialmedia@agcr.us\">socialmedia@agcr.us<\/a><\/p><p><em><strong>\u00daltima actualizaci\u00f3n de las Condiciones de uso: 01-01-2026<\/strong><\/em><\/p>\t\t\t\t\t\t\t\t<\/div>\n\t\t\t\t\t<\/div>\n\t\t\t\t<\/div>\n\t\t\t\t<\/div>\n\t\t","protected":false},"excerpt":{"rendered":"<p>CONDICIONES DE USO 1. T\u00c9RMINOS OBLIGATORIOS Y ACEPTACI\u00d3N\/LIMITACIONES La lectura y aceptaci\u00f3n de&hellip;<\/p>\n","protected":false},"author":1,"featured_media":0,"parent":0,"menu_order":0,"comment_status":"closed","ping_status":"open","template":"","meta":{"footnotes":""},"class_list":["post-8940","page","type-page","status-publish","hentry"],"_links":{"self":[{"href":"https:\/\/myapachecasinos.com\/es\/wp-json\/wp\/v2\/pages\/8940","targetHints":{"allow":["GET"]}}],"collection":[{"href":"https:\/\/myapachecasinos.com\/es\/wp-json\/wp\/v2\/pages"}],"about":[{"href":"https:\/\/myapachecasinos.com\/es\/wp-json\/wp\/v2\/types\/page"}],"author":[{"embeddable":true,"href":"https:\/\/myapachecasinos.com\/es\/wp-json\/wp\/v2\/users\/1"}],"replies":[{"embeddable":true,"href":"https:\/\/myapachecasinos.com\/es\/wp-json\/wp\/v2\/comments?post=8940"}],"version-history":[{"count":1,"href":"https:\/\/myapachecasinos.com\/es\/wp-json\/wp\/v2\/pages\/8940\/revisions"}],"predecessor-version":[{"id":8941,"href":"https:\/\/myapachecasinos.com\/es\/wp-json\/wp\/v2\/pages\/8940\/revisions\/8941"}],"wp:attachment":[{"href":"https:\/\/myapachecasinos.com\/es\/wp-json\/wp\/v2\/media?parent=8940"}],"curies":[{"name":"wp","href":"https:\/\/api.w.org\/{rel}","templated":true}]}}