{"id":8964,"date":"2026-01-28T09:25:34","date_gmt":"2026-01-28T09:25:34","guid":{"rendered":"https:\/\/myapachecasinos.com\/formularios\/"},"modified":"2026-04-29T16:08:08","modified_gmt":"2026-04-29T16:08:08","slug":"formularios","status":"publish","type":"page","link":"https:\/\/myapachecasinos.com\/es\/formularios\/","title":{"rendered":"FORMULARIOS"},"content":{"rendered":"\t\t<div data-elementor-type=\"wp-page\" data-elementor-id=\"8964\" class=\"elementor elementor-8964 elementor-4959\">\n\t\t\t\t<div class=\"elementor-element elementor-element-94a6dfd e-flex e-con-boxed sc_layouts_column_icons_position_left e-con e-parent\" data-id=\"94a6dfd\" data-element_type=\"container\" data-e-type=\"container\" data-settings=\"{&quot;background_background&quot;:&quot;classic&quot;}\">\n\t\t\t\t\t<div class=\"e-con-inner\">\n\t\t<div class=\"elementor-element elementor-element-87913da e-con-full e-flex sc_layouts_column_icons_position_left e-con e-child\" data-id=\"87913da\" data-element_type=\"container\" data-e-type=\"container\">\n\t\t\t\t<div class=\"elementor-element elementor-element-01509ad sc_fly_static elementor-widget elementor-widget-heading\" data-id=\"01509ad\" data-element_type=\"widget\" data-e-type=\"widget\" data-widget_type=\"heading.default\">\n\t\t\t\t\t<h6 class=\"elementor-heading-title elementor-size-default\">FORMULARIOS DE USO COM\u00daN<\/h6>\t\t\t\t<\/div>\n\t\t\t\t<div data-animation-type=\"block\" class=\"elementor-element elementor-element-a4f2ae6 elementor-widget__width-initial animation_type_block sc_fly_static elementor-invisible elementor-widget elementor-widget-heading\" data-id=\"a4f2ae6\" data-element_type=\"widget\" data-e-type=\"widget\" data-settings=\"{&quot;_animation&quot;:&quot;ta_fadeinup&quot;,&quot;_animation_delay&quot;:100}\" data-widget_type=\"heading.default\">\n\t\t\t\t\t<h1 class=\"elementor-heading-title elementor-size-default\">Formularios y documentos<\/h1>\t\t\t\t<\/div>\n\t\t\t\t<\/div>\n\t\t<div class=\"elementor-element elementor-element-5294313 e-grid e-con-full sc_layouts_column_icons_position_left e-con e-child\" data-id=\"5294313\" data-element_type=\"container\" data-e-type=\"container\" id=\"price-table-1-0222\">\n\t\t\t\t<div data-animation-type=\"block\" class=\"elementor-element elementor-element-8ddc87d trx-addons-pricing-table-align-left trx-addons-pricing-table-price-duration-nowrap animation_type_block sc_fly_static elementor-invisible elementor-widget elementor-widget-trx_elm_pricing_table\" data-id=\"8ddc87d\" data-element_type=\"widget\" data-e-type=\"widget\" data-settings=\"{&quot;_animation&quot;:&quot;ta_fadeinup&quot;,&quot;_animation_delay&quot;:200}\" data-widget_type=\"trx_elm_pricing_table.default\">\n\t\t\t\t<div class=\"elementor-widget-container\">\n\t\t\t\t\t\t\t<div class=\"trx-addons-pricing-table-container\">\n\t\t\t<div class=\"trx-addons-pricing-table trx-addons-pricing-table-currency-raised\">\n\t\t\t\t\t\t\t\t<div class=\"trx-addons-pricing-table-head\">\n\t\t\t\t\t\t\t\t\t\t<div class=\"trx-addons-pricing-table-title-wrap\">\n\t\t\t\t\t\t\t\t\t\t\t\t\t<h4 class=\"trx-addons-pricing-table-title\">\n\t\t\t\t\t\t\t\tESTADO DE GANANCIAS\/P\u00c9RDIDAS\t\t\t\t\t\t\t<\/h4>\n\t\t\t\t\t\t\t\t\t\t\t\t<\/div>\n\t\t\t\t<\/div>\n\t\t\t\t\t\t\t\t<div class=\"trx-addons-pricing-table-price-wrap\">\n\t\t\t\t\t\t\t\t\t\t<h3 class=\"trx-addons-pricing-table-price\">\n\t\t\t\t\t\t\t\t\t\t\t\t\t\t\t\t\t\t<span class=\"trx-addons-pricing-table-price-value\">\n\t\t\t\t\t\t\t<span class=\"trx-addons-pricing-table-integer-part\">\n\t\t\t\t\t\t\t\t\t\t\t\t\t\t\t<\/span>\n\t\t\t\t\t\t\t\t\t\t\t\t\t<\/span>\n\t\t\t\t\t\t\t\t\t\t\t<\/h3>\n\t\t\t\t\t\t\t\t\t<\/div>\n\t\t\t\t\t\t\t\t\t\t\t\t\t\t\t\t\t<ul class=\"trx-addons-pricing-table-features\">\n\t\t\t\t\t\t\t\t\t\t\t\t\t\t\t\t\t\t\t\t<li class=\"elementor-repeater-item-243ea19\">\n\t\t\t\t\t\t\t\t<div class=\"trx-addons-pricing-table-feature-content\"><span class=\"trx-addons-pricing-table-feature-text\">\n\t\t\t\t\t\t\t\t\t\t\tLa informaci\u00f3n del estado de ganancias\/p\u00e9rdidas solo refleja la actividad de juego en la que la tarjeta del club de jugadores se insert\u00f3 correctamente en la m\u00e1quina en el momento de jugar.\t\t\t\t\t\t\t\t\t\t<\/span><\/div>\n\t\t\t\t\t\t\t<\/li>\n\t\t\t\t\t\t\t\t\t\t\t<\/ul>\n\t\t\t\t\t\t\t\t<div class=\"trx-addons-pricing-table-footer\">\n\t\t\t\t\t<div class=\"trx-addons-pricing-table-button-wrap trx-addons-pricing-table-button-wrap-below\">\n\t\t\t\t<a class=\"trx-addons-pricing-table-button elementor-button\" href=\"https:\/\/qsi.eyp.mybluehost.me\/website_0f3a1ee5\/docs\/2026\/Apache-Legends-Players-Club-Win-Loss-Statement.pdf\" target=\"_blank\">\n\t\t\t\t\t\t\t\t\t\t\t\t\t\t\t\t<span class=\"trx-addons-pricing-table-button-text\">DOWNLOAD STATEMENT FORM<\/span>\n\t\t\t\t\t\t\t\t\t\t\t\t\t\t<\/a>\n\t\t\t<\/div>\t\t\t\t\t\t\t\t\t<\/div>\n\t\t\t<\/div>\n\t\t\t\t\t<\/div>\n\t\t\t\t\t\t<\/div>\n\t\t\t\t<\/div>\n\t\t\t\t<div data-animation-type=\"block\" class=\"elementor-element elementor-element-5bbdaf4 trx-addons-pricing-table-align-left trx-addons-pricing-table-price-duration-nowrap animation_type_block sc_fly_static elementor-invisible elementor-widget elementor-widget-trx_elm_pricing_table\" data-id=\"5bbdaf4\" data-element_type=\"widget\" data-e-type=\"widget\" data-settings=\"{&quot;_animation&quot;:&quot;ta_fadeinup&quot;,&quot;_animation_delay&quot;:100}\" data-widget_type=\"trx_elm_pricing_table.default\">\n\t\t\t\t<div class=\"elementor-widget-container\">\n\t\t\t\t\t\t\t<div class=\"trx-addons-pricing-table-container\">\n\t\t\t<div class=\"trx-addons-pricing-table trx-addons-pricing-table-currency-raised\">\n\t\t\t\t\t\t\t\t<div class=\"trx-addons-pricing-table-head\">\n\t\t\t\t\t\t\t\t\t\t<div class=\"trx-addons-pricing-table-title-wrap\">\n\t\t\t\t\t\t\t\t\t\t\t\t\t<h4 class=\"trx-addons-pricing-table-title\">\n\t\t\t\t\t\t\t\tDONACIONES\t\t\t\t\t\t\t<\/h4>\n\t\t\t\t\t\t\t\t\t\t\t\t<\/div>\n\t\t\t\t<\/div>\n\t\t\t\t\t\t\t\t<div class=\"trx-addons-pricing-table-price-wrap\">\n\t\t\t\t\t\t\t\t\t\t<h3 class=\"trx-addons-pricing-table-price\">\n\t\t\t\t\t\t\t\t\t\t\t\t\t\t\t\t\t\t<span class=\"trx-addons-pricing-table-price-value\">\n\t\t\t\t\t\t\t<span class=\"trx-addons-pricing-table-integer-part\">\n\t\t\t\t\t\t\t\t\t\t\t\t\t\t\t<\/span>\n\t\t\t\t\t\t\t\t\t\t\t\t\t<\/span>\n\t\t\t\t\t\t\t\t\t\t\t<\/h3>\n\t\t\t\t\t\t\t\t\t<\/div>\n\t\t\t\t\t\t\t\t\t\t\t\t\t\t\t\t\t<ul class=\"trx-addons-pricing-table-features\">\n\t\t\t\t\t\t\t\t\t\t\t\t\t\t\t\t\t\t\t\t<li class=\"elementor-repeater-item-243ea19\">\n\t\t\t\t\t\t\t\t<div class=\"trx-addons-pricing-table-feature-content\"><span class=\"trx-addons-pricing-table-feature-text\">\n\t\t\t\t\t\t\t\t\t\t\tApache Gold Casino Hotel se compromete a apoyar a la comunidad. Descarga y completa nuestro formulario de solicitud de donaci\u00f3n para hacernos saber c\u00f3mo podemos ayudarte. \t\t\t\t\t\t\t\t\t\t<\/span><\/div>\n\t\t\t\t\t\t\t<\/li>\n\t\t\t\t\t\t\t\t\t\t\t<\/ul>\n\t\t\t\t\t\t\t\t<div class=\"trx-addons-pricing-table-footer\">\n\t\t\t\t\t<div class=\"trx-addons-pricing-table-button-wrap trx-addons-pricing-table-button-wrap-below\">\n\t\t\t\t<a class=\"trx-addons-pricing-table-button elementor-button\" href=\"https:\/\/qsi.eyp.mybluehost.me\/website_0f3a1ee5\/docs\/2026\/Donation_Request_Form_23.pdf\" target=\"_blank\">\n\t\t\t\t\t\t\t\t\t\t\t\t\t\t\t\t<span class=\"trx-addons-pricing-table-button-text\">Download request form<\/span>\n\t\t\t\t\t\t\t\t\t\t\t\t\t\t<\/a>\n\t\t\t<\/div>\t\t\t\t\t\t\t\t\t<\/div>\n\t\t\t<\/div>\n\t\t\t\t\t<\/div>\n\t\t\t\t\t\t<\/div>\n\t\t\t\t<\/div>\n\t\t\t\t<div data-animation-type=\"block\" class=\"elementor-element elementor-element-de01287 trx-addons-pricing-table-align-left trx-addons-pricing-table-price-duration-nowrap animation_type_block sc_fly_static elementor-invisible elementor-widget elementor-widget-trx_elm_pricing_table\" data-id=\"de01287\" data-element_type=\"widget\" data-e-type=\"widget\" data-settings=\"{&quot;_animation&quot;:&quot;ta_fadeinup&quot;,&quot;_animation_delay&quot;:100}\" data-widget_type=\"trx_elm_pricing_table.default\">\n\t\t\t\t<div class=\"elementor-widget-container\">\n\t\t\t\t\t\t\t<div class=\"trx-addons-pricing-table-container\">\n\t\t\t<div class=\"trx-addons-pricing-table trx-addons-pricing-table-currency-raised\">\n\t\t\t\t\t\t\t\t<div class=\"trx-addons-pricing-table-head\">\n\t\t\t\t\t\t\t\t\t\t<div class=\"trx-addons-pricing-table-title-wrap\">\n\t\t\t\t\t\t\t\t\t\t\t\t\t<h4 class=\"trx-addons-pricing-table-title\">\n\t\t\t\t\t\t\t\tSOLICITUD DE FONDOS 12D\t\t\t\t\t\t\t<\/h4>\n\t\t\t\t\t\t\t\t\t\t\t\t<\/div>\n\t\t\t\t<\/div>\n\t\t\t\t\t\t\t\t<div class=\"trx-addons-pricing-table-price-wrap\">\n\t\t\t\t\t\t\t\t\t\t<h3 class=\"trx-addons-pricing-table-price\">\n\t\t\t\t\t\t\t\t\t\t\t\t\t\t\t\t\t\t<span class=\"trx-addons-pricing-table-price-value\">\n\t\t\t\t\t\t\t<span class=\"trx-addons-pricing-table-integer-part\">\n\t\t\t\t\t\t\t\t\t\t\t\t\t\t\t<\/span>\n\t\t\t\t\t\t\t\t\t\t\t\t\t<\/span>\n\t\t\t\t\t\t\t\t\t\t\t<\/h3>\n\t\t\t\t\t\t\t\t\t<\/div>\n\t\t\t\t\t\t\t\t\t\t\t\t\t\t\t\t\t<ul class=\"trx-addons-pricing-table-features\">\n\t\t\t\t\t\t\t\t\t\t\t\t\t\t\t\t\t\t\t\t<li class=\"elementor-repeater-item-243ea19\">\n\t\t\t\t\t\t\t\t<div class=\"trx-addons-pricing-table-feature-content\"><span class=\"trx-addons-pricing-table-feature-text\">\n\t\t\t\t\t\t\t\t\t\t\tSolicita financiaci\u00f3n 12D desde principios de junio hasta octubre. Visita el enlace para acceder al formulario de solicitud y obtener m\u00e1s detalles. \t\t\t\t\t\t\t\t\t\t<\/span><\/div>\n\t\t\t\t\t\t\t<\/li>\n\t\t\t\t\t\t\t\t\t\t\t<\/ul>\n\t\t\t\t\t\t\t\t<div class=\"trx-addons-pricing-table-footer\">\n\t\t\t\t\t<div class=\"trx-addons-pricing-table-button-wrap trx-addons-pricing-table-button-wrap-below\">\n\t\t\t\t<a class=\"trx-addons-pricing-table-button elementor-button\" href=\"https:\/\/qsi.eyp.mybluehost.me\/website_0f3a1ee5\/docs\/2026\/12D-Fund-Application-2025.pdf\" target=\"_blank\">\n\t\t\t\t\t\t\t\t\t\t\t\t\t\t\t\t<span class=\"trx-addons-pricing-table-button-text\">Download Application<\/span>\n\t\t\t\t\t\t\t\t\t\t\t\t\t\t<\/a>\n\t\t\t<\/div>\t\t\t\t\t\t\t\t\t<\/div>\n\t\t\t<\/div>\n\t\t\t\t\t<\/div>\n\t\t\t\t\t\t<\/div>\n\t\t\t\t<\/div>\n\t\t\t\t<div data-animation-type=\"block\" class=\"elementor-element elementor-element-c17ab21 trx-addons-pricing-table-align-left trx-addons-pricing-table-price-duration-nowrap animation_type_block sc_fly_static elementor-invisible elementor-widget elementor-widget-trx_elm_pricing_table\" data-id=\"c17ab21\" data-element_type=\"widget\" data-e-type=\"widget\" data-settings=\"{&quot;_animation&quot;:&quot;ta_fadeinup&quot;,&quot;_animation_delay&quot;:200}\" data-widget_type=\"trx_elm_pricing_table.default\">\n\t\t\t\t<div class=\"elementor-widget-container\">\n\t\t\t\t\t\t\t<div class=\"trx-addons-pricing-table-container\">\n\t\t\t<div class=\"trx-addons-pricing-table trx-addons-pricing-table-currency-raised\">\n\t\t\t\t\t\t\t\t<div class=\"trx-addons-pricing-table-head\">\n\t\t\t\t\t\t\t\t\t\t<div class=\"trx-addons-pricing-table-title-wrap\">\n\t\t\t\t\t\t\t\t\t\t\t\t\t<h4 class=\"trx-addons-pricing-table-title\">\n\t\t\t\t\t\t\t\tPROVEEDOR DE FUEGOS ARTIFICIALES\t\t\t\t\t\t\t<\/h4>\n\t\t\t\t\t\t\t\t\t\t\t\t<\/div>\n\t\t\t\t<\/div>\n\t\t\t\t\t\t\t\t<div class=\"trx-addons-pricing-table-price-wrap\">\n\t\t\t\t\t\t\t\t\t\t<h3 class=\"trx-addons-pricing-table-price\">\n\t\t\t\t\t\t\t\t\t\t\t\t\t\t\t\t\t\t<span class=\"trx-addons-pricing-table-price-value\">\n\t\t\t\t\t\t\t<span class=\"trx-addons-pricing-table-integer-part\">\n\t\t\t\t\t\t\t\t\t\t\t\t\t\t\t<\/span>\n\t\t\t\t\t\t\t\t\t\t\t\t\t<\/span>\n\t\t\t\t\t\t\t\t\t\t\t<\/h3>\n\t\t\t\t\t\t\t\t\t<\/div>\n\t\t\t\t\t\t\t\t\t\t\t\t\t\t\t\t\t<ul class=\"trx-addons-pricing-table-features\">\n\t\t\t\t\t\t\t\t\t\t\t\t\t\t\t\t\t\t\t\t<li class=\"elementor-repeater-item-243ea19\">\n\t\t\t\t\t\t\t\t<div class=\"trx-addons-pricing-table-feature-content\"><span class=\"trx-addons-pricing-table-feature-text\">\n\t\t\t\t\t\t\t\t\t\t\t\u00bfTe gustar\u00eda hacer negocios con nosotros? Descarga y completa nuestra solicitud de proveedor para empezar. \t\t\t\t\t\t\t\t\t\t<\/span><\/div>\n\t\t\t\t\t\t\t<\/li>\n\t\t\t\t\t\t\t\t\t\t\t<\/ul>\n\t\t\t\t\t\t\t\t<div class=\"trx-addons-pricing-table-footer\">\n\t\t\t\t\t<div class=\"trx-addons-pricing-table-button-wrap trx-addons-pricing-table-button-wrap-below\">\n\t\t\t\t<a class=\"trx-addons-pricing-table-button elementor-button\" href=\"https:\/\/qsi.eyp.mybluehost.me\/website_0f3a1ee5\/docs\/2026\/AGC-Fireworks-Vendor-App.pdf\" target=\"_blank\">\n\t\t\t\t\t\t\t\t\t\t\t\t\t\t\t\t<span class=\"trx-addons-pricing-table-button-text\">DOWNLOAD APPLICATION<\/span>\n\t\t\t\t\t\t\t\t\t\t\t\t\t\t<\/a>\n\t\t\t<\/div>\t\t\t\t\t\t\t\t\t<\/div>\n\t\t\t<\/div>\n\t\t\t\t\t<\/div>\n\t\t\t\t\t\t<\/div>\n\t\t\t\t<\/div>\n\t\t\t\t<\/div>\n\t\t\t\t\t<\/div>\n\t\t\t\t<\/div>\n\t\t\t\t<\/div>\n\t\t","protected":false},"excerpt":{"rendered":"<p>FORMULARIOS DE USO COM\u00daN Formularios y documentos ESTADO DE GANANCIAS\/P\u00c9RDIDAS La informaci\u00f3n del&hellip;<\/p>\n","protected":false},"author":1,"featured_media":0,"parent":0,"menu_order":0,"comment_status":"closed","ping_status":"closed","template":"","meta":{"footnotes":""},"class_list":["post-8964","page","type-page","status-publish","hentry"],"_links":{"self":[{"href":"https:\/\/myapachecasinos.com\/es\/wp-json\/wp\/v2\/pages\/8964","targetHints":{"allow":["GET"]}}],"collection":[{"href":"https:\/\/myapachecasinos.com\/es\/wp-json\/wp\/v2\/pages"}],"about":[{"href":"https:\/\/myapachecasinos.com\/es\/wp-json\/wp\/v2\/types\/page"}],"author":[{"embeddable":true,"href":"https:\/\/myapachecasinos.com\/es\/wp-json\/wp\/v2\/users\/1"}],"replies":[{"embeddable":true,"href":"https:\/\/myapachecasinos.com\/es\/wp-json\/wp\/v2\/comments?post=8964"}],"version-history":[{"count":1,"href":"https:\/\/myapachecasinos.com\/es\/wp-json\/wp\/v2\/pages\/8964\/revisions"}],"predecessor-version":[{"id":8965,"href":"https:\/\/myapachecasinos.com\/es\/wp-json\/wp\/v2\/pages\/8964\/revisions\/8965"}],"wp:attachment":[{"href":"https:\/\/myapachecasinos.com\/es\/wp-json\/wp\/v2\/media?parent=8964"}],"curies":[{"name":"wp","href":"https:\/\/api.w.org\/{rel}","templated":true}]}}