{"id":8984,"date":"2026-01-23T22:33:37","date_gmt":"2026-01-23T22:33:37","guid":{"rendered":"https:\/\/myapachecasinos.com\/politica-de-mascotas\/"},"modified":"2026-04-29T16:09:11","modified_gmt":"2026-04-29T16:09:11","slug":"politica-de-mascotas","status":"publish","type":"page","link":"https:\/\/myapachecasinos.com\/es\/politica-de-mascotas\/","title":{"rendered":"POL\u00cdTICA DE MASCOTAS"},"content":{"rendered":"\t\t<div data-elementor-type=\"wp-page\" data-elementor-id=\"8984\" class=\"elementor elementor-8984 elementor-4120\">\n\t\t\t\t<div class=\"st-theme-gold elementor-element elementor-element-1ce15aad e-con-full e-flex sc_layouts_column_icons_position_left e-con e-parent\" data-id=\"1ce15aad\" data-element_type=\"container\" data-e-type=\"container\">\n\t\t\t\t<div class=\"elementor-element elementor-element-003da64 trx-addons-animate sc_fly_static elementor-widget elementor-widget-trx_elm_advanced_title\" data-id=\"003da64\" data-element_type=\"widget\" data-e-type=\"widget\" data-widget_type=\"trx_elm_advanced_title.default\">\n\t\t\t\t<div class=\"elementor-widget-container\">\n\t\t\t\t\t<h2 class=\"trx-addons-advanced-title\" style=\"--var-trx-addons-advanced-title-highlight-animation-duration: 2000ms;\">\n<span class=\"trx-addons-advanced-title-item trx-addons-advanced-title-item-text elementor-repeater-item-4a3a08d trx-addons-advanced-title-item-bg-as-text\">Mascota<\/span>\n<span class=\"trx-addons-advanced-title-item trx-addons-advanced-title-item-text elementor-repeater-item-999d46f\">POL\u00cdTICA<\/span><\/h2>\t\t\t\t<\/div>\n\t\t\t\t<\/div>\n\t\t\t\t<div class=\"elementor-element elementor-element-17e40d27 sc_fly_static elementor-widget elementor-widget-text-editor\" data-id=\"17e40d27\" data-element_type=\"widget\" data-e-type=\"widget\" data-widget_type=\"text-editor.default\">\n\t\t\t\t\t\t\t\t\t<h4>1. INTRODUCCI\u00d3N<\/h4><p>En Apache Gold Casino &amp; Hotel, nos esforzamos por ofrecer un entorno limpio, seguro y c\u00f3modo para todos los hu\u00e9spedes. Para mantener este est\u00e1ndar, la siguiente pol\u00edtica de mascotas se aplica a todas las habitaciones del hotel, las zonas p\u00fablicas y las instalaciones del casino. <\/p><h4>2. animales de servicio<\/h4><p>Apache Gold Casino &amp; Resort <b>da la bienvenida a los animales de servicio adiestrados<\/b> seg\u00fan la definici\u00f3n de la Ley de Estadounidenses con Discapacidades (ADA).<\/p><ul><li>Un animal de servicio es un perro (o, en algunos casos, un caballo en miniatura) <b>adiestrado individualmente para realizar tareas espec\u00edficas para una persona con discapacidad<\/b>.<\/li><li>Los animales de apoyo emocional, los animales de terapia, los animales de confort o las mascotas <b>no se consideran animales de servicio seg\u00fan las directrices de la ADA<\/b>.<\/li><li>El personal solo puede preguntar:<ul><li>\u00bfQu\u00e9 tarea o trabajo ha sido adiestrado el animal para realizar?<\/li><li><span style=\"font-size: 16px;\">\u00bfSe requiere el animal debido a una discapacidad?<\/span><\/li><\/ul><\/li><\/ul><p>Los animales de servicio deben:<\/p><ul><li>Estar bajo control en todo momento (correa, arn\u00e9s o control por voz)<\/li><li>Estar educados para hacer sus necesidades fuera<\/li><li>No ser molestos, agresivos ni suponer un riesgo para la seguridad<\/li><\/ul><p>Si un animal de servicio est\u00e1 fuera de control o no est\u00e1 educado para hacer sus necesidades fuera, se puede pedir al hu\u00e9sped que retire el animal del establecimiento.<\/p><h4>3. Mascotas y animales que no son de servicio<\/h4><ul><li><b>No se permiten mascotas ni animales que no sean de servicio<\/b> en el interior de:<ul><li>Habitaciones del hotel<\/li><li>Sala de juego del casino<\/li><li>Restaurantes<\/li><li>Bares<\/li><li>Espacios para eventos<\/li><li>Cualquier zona p\u00fablica interior<\/li><\/ul><\/li><li>Las mascotas <b>no<\/b> pueden dejarse sin supervisi\u00f3n en veh\u00edculos ni en ning\u00fan lugar del establecimiento.<\/li><\/ul><div> <\/div><p><span style=\"color: #fffefe; font-family: 'Sofia Sans Condensed', sans-serif; font-size: 28px; font-style: normal; font-weight: bold; text-transform: uppercase;\">4. Responsabilidad por da\u00f1os y limpieza<\/span><\/p><p>Los hu\u00e9spedes son responsables econ\u00f3micamente de:<\/p><ul><li>Cualquier da\u00f1o causado por su animal de servicio<\/li><li>Cualquier limpieza excesiva necesaria debido a accidentes, muda de pelo u olor<\/li><\/ul><p><span style=\"font-size: 16px;\">Si es necesario, se podr\u00e1n cargar a la cuenta del hu\u00e9sped tasas adicionales de limpieza o reparaci\u00f3n.<\/span><\/p><p><span style=\"font-size: 16px;\"> <\/span><span style=\"font-style: normal; color: #fffefe; font-family: 'Sofia Sans Condensed', sans-serif; font-size: 28px; font-weight: bold; text-transform: uppercase;\">5. Salud y seguridad<\/span><\/p><ul><li><p>Los animales de servicio deben estar libres de pulgas, garrapatas y enfermedades<\/p><\/li><li><p>Los animales que muestren un comportamiento agresivo o causen molestias pueden ser retirados del establecimiento<\/p><\/li><\/ul><h4>6. Incumplimiento de la pol\u00edtica<\/h4><p>El incumplimiento de esta pol\u00edtica puede dar lugar a:<\/p><ul><li><span style=\"font-size: 16px;\">Expulsi\u00f3n del establecimiento<\/span><\/li><li><p>Tasas adicionales por limpieza o da\u00f1os<\/p><\/li><li>Posible cancelaci\u00f3n de la estancia sin reembolso<\/li><\/ul><div> <\/div><p><span style=\"color: #fffefe; font-family: 'Sofia Sans Condensed', sans-serif; font-size: 28px; font-style: normal; font-weight: bold; text-transform: uppercase;\">Gracias por tu comprensi\u00f3n<\/span><\/p><p><span style=\"font-size: 16px;\">Esta pol\u00edtica ayuda a garantizar una experiencia c\u00f3moda, segura y agradable para todos los hu\u00e9spedes de Apache Gold Casino &amp; Hotel.<\/span><\/p>\t\t\t\t\t\t\t\t<\/div>\n\t\t\t\t<\/div>\n\t\t<div class=\"st-theme-sky elementor-element elementor-element-70bf43f e-con-full e-flex sc_layouts_column_icons_position_left e-con e-parent\" data-id=\"70bf43f\" data-element_type=\"container\" data-e-type=\"container\" data-settings=\"{&quot;background_background&quot;:&quot;classic&quot;}\">\n\t\t\t\t<div class=\"elementor-element elementor-element-3a89e9a trx-addons-animate sc_fly_static elementor-widget elementor-widget-trx_elm_advanced_title\" data-id=\"3a89e9a\" data-element_type=\"widget\" data-e-type=\"widget\" data-widget_type=\"trx_elm_advanced_title.default\">\n\t\t\t\t<div class=\"elementor-widget-container\">\n\t\t\t\t\t<h2 class=\"trx-addons-advanced-title\" style=\"--var-trx-addons-advanced-title-highlight-animation-duration: 2000ms;\">\n<span class=\"trx-addons-advanced-title-item trx-addons-advanced-title-item-text elementor-repeater-item-4a3a08d\">Mascota<\/span>\n<span class=\"trx-addons-advanced-title-item trx-addons-advanced-title-item-text elementor-repeater-item-999d46f\">POL\u00cdTICA<\/span><\/h2>\t\t\t\t<\/div>\n\t\t\t\t<\/div>\n\t\t\t\t<div class=\"elementor-element elementor-element-2f76d34 sc_fly_static elementor-widget elementor-widget-text-editor\" data-id=\"2f76d34\" data-element_type=\"widget\" data-e-type=\"widget\" data-widget_type=\"text-editor.default\">\n\t\t\t\t\t\t\t\t\t<h4>1. INTRODUCCI\u00d3N<\/h4><p>En Apache Sky Casino, nos esforzamos por ofrecer un entorno limpio, seguro y c\u00f3modo para todos los hu\u00e9spedes. Para mantener este est\u00e1ndar, la siguiente pol\u00edtica de mascotas se aplica a todas las zonas p\u00fablicas y las instalaciones del casino. <\/p><h4>2. animales de servicio<\/h4><p>Apache Sky Casino <b>da la bienvenida a los animales de servicio adiestrados<\/b> seg\u00fan la definici\u00f3n de la Ley de Estadounidenses con Discapacidades (ADA).<\/p><ul><li>Un animal de servicio es un perro (o, en algunos casos, un caballo en miniatura) <b>adiestrado individualmente para realizar tareas espec\u00edficas para una persona con discapacidad<\/b>.<\/li><li>Los animales de apoyo emocional, los animales de terapia, los animales de confort o las mascotas <b>no se consideran animales de servicio seg\u00fan las directrices de la ADA<\/b>.<\/li><li>El personal solo puede preguntar:<ul><li>\u00bfQu\u00e9 tarea o trabajo ha sido adiestrado el animal para realizar?<\/li><li><span style=\"font-size: 16px;\">\u00bfSe requiere el animal debido a una discapacidad?<\/span><\/li><\/ul><\/li><\/ul><p>Los animales de servicio deben:<\/p><ul><li>Estar bajo control en todo momento (correa, arn\u00e9s o control por voz)<\/li><li>Estar educados para hacer sus necesidades fuera<\/li><li>No ser molestos, agresivos ni suponer un riesgo para la seguridad<\/li><\/ul><p>Si un animal de servicio est\u00e1 fuera de control o no est\u00e1 educado para hacer sus necesidades fuera, se puede pedir al hu\u00e9sped que retire el animal del establecimiento.<\/p><h4>3. Mascotas y animales que no son de servicio<\/h4><ul><li><b>No se permiten mascotas ni animales que no sean de servicio<\/b> en el interior de:<br><ul><li>Sala de juego del casino<\/li><li>Restaurantes<\/li><li>Bares<\/li><li>Espacios para eventos<\/li><li>Cualquier zona p\u00fablica interior<\/li><\/ul><\/li><li>Las mascotas <b>no<\/b> pueden dejarse sin supervisi\u00f3n en veh\u00edculos ni en ning\u00fan lugar del establecimiento.<\/li><\/ul><div> <\/div><p><span style=\"color: #fffefe; font-family: 'Sofia Sans Condensed', sans-serif; font-size: 28px; font-style: normal; font-weight: bold; text-transform: uppercase;\">4. Responsabilidad por da\u00f1os y limpieza<\/span><\/p><p>Los hu\u00e9spedes son responsables econ\u00f3micamente de:<\/p><ul><li>Cualquier da\u00f1o causado por su animal de servicio<\/li><li>Cualquier limpieza excesiva necesaria debido a accidentes, muda de pelo u olor<\/li><\/ul><p><span style=\"font-size: 16px;\">Si es necesario, se podr\u00e1n cargar a la cuenta del hu\u00e9sped tasas adicionales de limpieza o reparaci\u00f3n.<\/span><\/p><p><span style=\"font-size: 16px;\"> <\/span><span style=\"font-style: normal; color: #fffefe; font-family: 'Sofia Sans Condensed', sans-serif; font-size: 28px; font-weight: bold; text-transform: uppercase;\">5. Salud y seguridad<\/span><\/p><ul><li><p>Los animales de servicio deben estar libres de pulgas, garrapatas y enfermedades<\/p><\/li><li><p>Los animales que muestren un comportamiento agresivo o causen molestias pueden ser retirados del establecimiento<\/p><\/li><\/ul><h4>6. Incumplimiento de la pol\u00edtica<\/h4><p>El incumplimiento de esta pol\u00edtica puede dar lugar a:<\/p><ul><li><span style=\"font-size: 16px;\">Expulsi\u00f3n del establecimiento<\/span><\/li><li><p>Tasas adicionales por limpieza o da\u00f1os<\/p><\/li><li>Posible cancelaci\u00f3n de la estancia sin reembolso<\/li><\/ul><div> <\/div><p><span style=\"color: #fffefe; font-family: 'Sofia Sans Condensed', sans-serif; font-size: 28px; font-style: normal; font-weight: bold; text-transform: uppercase;\">Gracias por tu comprensi\u00f3n<\/span><\/p><p><span style=\"font-size: 16px;\">Esta pol\u00edtica ayuda a garantizar una experiencia c\u00f3moda, segura y agradable para todos los hu\u00e9spedes de Apache Sky Casino.<\/span><\/p>\t\t\t\t\t\t\t\t<\/div>\n\t\t\t\t<\/div>\n\t\t\t\t<\/div>\n\t\t","protected":false},"excerpt":{"rendered":"<p>Mascota POL\u00cdTICA 1. INTRODUCCI\u00d3N En Apache Gold Casino &amp; Hotel, nos esforzamos por&hellip;<\/p>\n","protected":false},"author":1,"featured_media":0,"parent":0,"menu_order":0,"comment_status":"closed","ping_status":"open","template":"","meta":{"footnotes":""},"class_list":["post-8984","page","type-page","status-publish","hentry"],"_links":{"self":[{"href":"https:\/\/myapachecasinos.com\/es\/wp-json\/wp\/v2\/pages\/8984","targetHints":{"allow":["GET"]}}],"collection":[{"href":"https:\/\/myapachecasinos.com\/es\/wp-json\/wp\/v2\/pages"}],"about":[{"href":"https:\/\/myapachecasinos.com\/es\/wp-json\/wp\/v2\/types\/page"}],"author":[{"embeddable":true,"href":"https:\/\/myapachecasinos.com\/es\/wp-json\/wp\/v2\/users\/1"}],"replies":[{"embeddable":true,"href":"https:\/\/myapachecasinos.com\/es\/wp-json\/wp\/v2\/comments?post=8984"}],"version-history":[{"count":1,"href":"https:\/\/myapachecasinos.com\/es\/wp-json\/wp\/v2\/pages\/8984\/revisions"}],"predecessor-version":[{"id":8985,"href":"https:\/\/myapachecasinos.com\/es\/wp-json\/wp\/v2\/pages\/8984\/revisions\/8985"}],"wp:attachment":[{"href":"https:\/\/myapachecasinos.com\/es\/wp-json\/wp\/v2\/media?parent=8984"}],"curies":[{"name":"wp","href":"https:\/\/api.w.org\/{rel}","templated":true}]}}