{"id":8996,"date":"2026-01-26T00:35:07","date_gmt":"2026-01-26T00:35:07","guid":{"rendered":"https:\/\/myapachecasinos.com\/objetos-perdidos\/"},"modified":"2026-04-29T16:09:58","modified_gmt":"2026-04-29T16:09:58","slug":"objetos-perdidos","status":"publish","type":"page","link":"https:\/\/myapachecasinos.com\/es\/objetos-perdidos\/","title":{"rendered":"OBJETOS PERDIDOS"},"content":{"rendered":"\t\t<div data-elementor-type=\"wp-page\" data-elementor-id=\"8996\" class=\"elementor elementor-8996 elementor-4154\">\n\t\t\t\t<div class=\"st-theme-gold elementor-element elementor-element-6dbf5d29 e-flex e-con-boxed sc_layouts_column_icons_position_left e-con e-parent\" data-id=\"6dbf5d29\" data-element_type=\"container\" data-e-type=\"container\">\n\t\t\t\t\t<div class=\"e-con-inner\">\n\t\t\t\t<div class=\"elementor-element elementor-element-ca6b211 trx-addons-animate sc_fly_static elementor-widget elementor-widget-trx_elm_advanced_title\" data-id=\"ca6b211\" data-element_type=\"widget\" data-e-type=\"widget\" data-widget_type=\"trx_elm_advanced_title.default\">\n\t\t\t\t<div class=\"elementor-widget-container\">\n\t\t\t\t\t<h2 class=\"trx-addons-advanced-title\" style=\"--var-trx-addons-advanced-title-highlight-animation-duration: 2000ms;\">\n<span class=\"trx-addons-advanced-title-item trx-addons-advanced-title-item-text elementor-repeater-item-c61e043 trx-addons-advanced-title-item-bg-as-text\">Objetos perdidos<\/span>\n<span class=\"trx-addons-advanced-title-item trx-addons-advanced-title-item-text elementor-repeater-item-441a32c\">Pol\u00edtica<\/span><\/h2>\t\t\t\t<\/div>\n\t\t\t\t<\/div>\n\t\t\t\t<div class=\"elementor-element elementor-element-50703a8 sc_fly_static elementor-widget elementor-widget-text-editor\" data-id=\"50703a8\" data-element_type=\"widget\" data-e-type=\"widget\" data-widget_type=\"text-editor.default\">\n\t\t\t\t\t\t\t\t\t<h4><span style=\"font-family: 'Sofia Sans Condensed', sans-serif; font-size: 28px; font-style: normal; font-weight: bold;\">1. INTRODUCCI\u00d3N<\/span><\/h4><p>Apache Gold Casino &amp; Hotel se compromete a realizar esfuerzos razonables para devolver los objetos perdidos a sus leg\u00edtimos propietarios. La siguiente pol\u00edtica describe c\u00f3mo se gestionan los objetos perdidos y encontrados. <\/p><h4>2. Notificaci\u00f3n de un objeto perdido<\/h4><p>Los hu\u00e9spedes que crean haber perdido un objeto en las instalaciones deben:<\/p><ul><li><p>Ponerse en contacto con <b>Recepci\u00f3n o el Departamento de Seguridad<\/b> lo antes posible<\/p><\/li><li><p>Proporcionar una descripci\u00f3n detallada del objeto, fecha, hora y lugar donde se vio por \u00faltima vez<\/p><\/li><li><p>Puede ser necesaria una foto o prueba de propiedad antes de entregar cualquier objeto<\/p><\/li><\/ul><h4>3. Objetos encontrados<\/h4><ul><li><p>Todos los objetos encontrados se entregan a <b>Seguridad o Atenci\u00f3n al Cliente<\/b> y se registran en el sistema de Objetos Perdidos del complejo.<\/p><\/li><li><p>Los objetos se etiquetan con:<\/p><ul><li><p>Fecha de hallazgo<\/p><\/li><li><p>Lugar de hallazgo<\/p><\/li><li><p>Descripci\u00f3n del objeto<\/p><\/li><\/ul><\/li><\/ul><h4>4. Almacenamiento y periodos de retenci\u00f3n<\/h4><p>Apache Gold Casino &amp; Hotel no se hace responsable de los objetos perdidos o robados, pero almacenar\u00e1 los objetos encontrados durante los siguientes periodos:<\/p><ul><li><p><b>Objetos de valor<\/b> (carteras, tel\u00e9fonos, joyas, bolsos, etc.): Se conservan durante <b>30 d\u00edas<\/b><b><\/b><\/p><\/li><li><p><b>Objetos sin valor<\/b> (ropa, sombreros, cargadores, etc.): Se conservan durante <b>14 d\u00edas<\/b><b><\/b><\/p><\/li><li><p><b>Art\u00edculos perecederos<\/b>: Se descartan inmediatamente<\/p><\/li><li><p>Los <b>objetos no reclamados<\/b> despu\u00e9s del periodo de retenci\u00f3n pueden donarse, desecharse o entregarse a las autoridades tribales o locales, seg\u00fan corresponda.<\/p><\/li><\/ul><h4>5. Reclamaci\u00f3n de un objeto<\/h4><p>Para reclamar un objeto, los hu\u00e9spedes deben:<\/p><ul><li><span style=\"font-size: 16px;\">Presentar una identificaci\u00f3n v\u00e1lida<\/span><\/li><li><p>Describir el objeto con precisi\u00f3n<\/p><\/li><li><p>Proporcionar prueba de propiedad cuando sea aplicable<\/p><\/li><\/ul><p><span style=\"font-size: 16px;\">Los objetos solo se entregar\u00e1n al propietario verificado o a su representante autorizado.<\/span><\/p><p><span style=\"color: #fffefe; font-family: 'Sofia Sans Condensed', sans-serif; font-size: 28px; font-style: normal; font-weight: bold; text-transform: uppercase;\">6. Env\u00edo de objetos perdidos<\/span><\/p><ul><li class=\"p1\">Los hu\u00e9spedes pueden solicitar que se les env\u00eden los objetos corriendo con los gastos.<\/li><li class=\"p1\"><span class=\"s1\">Apache Gold Casino &amp; Resort <\/span><b>no se hace responsable de p\u00e9rdidas o da\u00f1os durante el env\u00edo<\/b><span class=\"s1\">.<\/span><\/li><\/ul><p><span style=\"color: #fffefe; font-family: 'Sofia Sans Condensed', sans-serif; font-size: 28px; font-style: normal; font-weight: bold; text-transform: uppercase;\">7. Exenci\u00f3n de responsabilidad<\/span><\/p><p class=\"p1\">Apache Gold Casino &amp; Hotel <span class=\"s1\"><b>no se hace responsable de los objetos perdidos, extraviados o robados<\/b><\/span>, incluidos los objetos dejados en las habitaciones, \u00e1reas p\u00fablicas o veh\u00edculos.<\/p>\t\t\t\t\t\t\t\t<\/div>\n\t\t\t\t\t<\/div>\n\t\t\t\t<\/div>\n\t\t<div class=\"st-theme-sky elementor-element elementor-element-38fcb77 e-flex e-con-boxed sc_layouts_column_icons_position_left e-con e-parent\" data-id=\"38fcb77\" data-element_type=\"container\" data-e-type=\"container\">\n\t\t\t\t\t<div class=\"e-con-inner\">\n\t\t\t\t<div class=\"elementor-element elementor-element-1fd714c trx-addons-animate sc_fly_static elementor-widget elementor-widget-trx_elm_advanced_title\" data-id=\"1fd714c\" data-element_type=\"widget\" data-e-type=\"widget\" data-widget_type=\"trx_elm_advanced_title.default\">\n\t\t\t\t<div class=\"elementor-widget-container\">\n\t\t\t\t\t<h2 class=\"trx-addons-advanced-title\" style=\"--var-trx-addons-advanced-title-highlight-animation-duration: 2000ms;\">\n<span class=\"trx-addons-advanced-title-item trx-addons-advanced-title-item-text elementor-repeater-item-c61e043 trx-addons-advanced-title-item-bg-as-text\">Objetos perdidos<\/span>\n<span class=\"trx-addons-advanced-title-item trx-addons-advanced-title-item-text elementor-repeater-item-441a32c\">Pol\u00edtica<\/span><\/h2>\t\t\t\t<\/div>\n\t\t\t\t<\/div>\n\t\t\t\t<div class=\"elementor-element elementor-element-91ecaf2 sc_fly_static elementor-widget elementor-widget-text-editor\" data-id=\"91ecaf2\" data-element_type=\"widget\" data-e-type=\"widget\" data-widget_type=\"text-editor.default\">\n\t\t\t\t\t\t\t\t\t<h4><span style=\"font-family: 'Sofia Sans Condensed', sans-serif; font-size: 28px; font-style: normal; font-weight: bold;\">1. INTRODUCCI\u00d3N<\/span><\/h4>\n<p>Apache Sky Casino se compromete a realizar esfuerzos razonables para devolver los objetos perdidos a sus leg\u00edtimos propietarios. La siguiente pol\u00edtica describe c\u00f3mo se gestionan los objetos perdidos y encontrados. <\/p>\n<h4>2. Notificaci\u00f3n de un objeto perdido<\/h4>\n<p>Los hu\u00e9spedes que crean haber perdido un objeto en las instalaciones deben:<\/p>\n<ul>\n<li>\n<p>Ponerse en contacto con <b>Recepci\u00f3n o el Departamento de Seguridad<\/b> lo antes posible<\/p>\n<\/li>\n<li>\n<p>Proporcionar una descripci\u00f3n detallada del objeto, fecha, hora y lugar donde se vio por \u00faltima vez<\/p>\n<\/li>\n<li>\n<p>Puede ser necesaria una foto o prueba de propiedad antes de entregar cualquier objeto<\/p>\n<\/li>\n<\/ul>\n<h4>3. Objetos encontrados<\/h4>\n<ul>\n<li>\n<p>Todos los objetos encontrados se entregan a <b>Seguridad o Atenci\u00f3n al Cliente<\/b> y se registran en el sistema de Objetos Perdidos del complejo.<\/p>\n<\/li>\n<li>\n<p>Los objetos se etiquetan con:<\/p>\n<ul>\n<li>\n<p>Fecha de hallazgo<\/p>\n<\/li>\n<li>\n<p>Lugar de hallazgo<\/p>\n<\/li>\n<li>\n<p>Descripci\u00f3n del objeto<\/p>\n<\/li>\n<\/ul>\n<\/li>\n<\/ul>\n<h4>4. Almacenamiento y periodos de retenci\u00f3n<\/h4>\n<p>Apache Sky Casino no se hace responsable de los objetos perdidos o robados, pero almacenar\u00e1 los objetos encontrados durante los siguientes periodos:<\/p>\n<ul>\n<li>\n<p><b>Objetos de valor<\/b> (carteras, tel\u00e9fonos, joyas, bolsos, etc.): Se conservan durante <b>30 d\u00edas<\/b><b><\/b><\/p>\n<\/li>\n<li>\n<p><b>Objetos sin valor<\/b> (ropa, sombreros, cargadores, etc.): Se conservan durante <b>14 d\u00edas<\/b><b><\/b><\/p>\n<\/li>\n<li>\n<p><b>Art\u00edculos perecederos<\/b>: Se descartan inmediatamente<\/p>\n<\/li>\n<li>\n<p>Los <b>objetos no reclamados<\/b> despu\u00e9s del periodo de retenci\u00f3n pueden donarse, desecharse o entregarse a las autoridades tribales o locales, seg\u00fan corresponda.<\/p>\n<\/li>\n<\/ul>\n<h4>5. Reclamaci\u00f3n de un objeto<\/h4>\n<p>Para reclamar un objeto, los hu\u00e9spedes deben:<\/p>\n<ul>\n<li><span style=\"font-size: 16px;\">Presentar una identificaci\u00f3n v\u00e1lida<\/span><\/li>\n<li>\n<p>Describir el objeto con precisi\u00f3n<\/p>\n<\/li>\n<li>\n<p>Proporcionar prueba de propiedad cuando sea aplicable<\/p>\n<\/li>\n<\/ul>\n<p><span style=\"font-size: 16px;\">Los objetos solo se entregar\u00e1n al propietario verificado o a su representante autorizado.<\/span><\/p>\n<p><span style=\"color: #fffefe; font-family: 'Sofia Sans Condensed', sans-serif; font-size: 28px; font-style: normal; font-weight: bold; text-transform: uppercase;\">6. Env\u00edo de objetos perdidos<\/span><\/p>\n<ul>\n<li class=\"p1\">Los hu\u00e9spedes pueden solicitar que se les env\u00eden los objetos corriendo con los gastos.<\/li>\n<li class=\"p1\"><span class=\"s1\">Apache Sky Casino <\/span><b>no se hace responsable de p\u00e9rdidas o da\u00f1os durante el env\u00edo<\/b><span class=\"s1\">.<\/span><\/li>\n<\/ul>\n<p><span style=\"color: #fffefe; font-family: 'Sofia Sans Condensed', sans-serif; font-size: 28px; font-style: normal; font-weight: bold; text-transform: uppercase;\">7. Exenci\u00f3n de responsabilidad<\/span><\/p>\n<p class=\"p1\">Apache Sky Casino <span class=\"s1\"><b>no se hace responsable de los objetos perdidos, extraviados o robados<\/b><\/span>, incluidos los objetos dejados en las habitaciones, \u00e1reas p\u00fablicas o veh\u00edculos.<\/p>\t\t\t\t\t\t\t\t<\/div>\n\t\t\t\t\t<\/div>\n\t\t\t\t<\/div>\n\t\t\t\t<\/div>\n\t\t","protected":false},"excerpt":{"rendered":"<p>Objetos perdidos Pol\u00edtica 1. INTRODUCCI\u00d3N Apache Gold Casino &amp; Hotel se compromete a&hellip;<\/p>\n","protected":false},"author":1,"featured_media":0,"parent":0,"menu_order":0,"comment_status":"closed","ping_status":"open","template":"","meta":{"footnotes":""},"class_list":["post-8996","page","type-page","status-publish","hentry"],"_links":{"self":[{"href":"https:\/\/myapachecasinos.com\/es\/wp-json\/wp\/v2\/pages\/8996","targetHints":{"allow":["GET"]}}],"collection":[{"href":"https:\/\/myapachecasinos.com\/es\/wp-json\/wp\/v2\/pages"}],"about":[{"href":"https:\/\/myapachecasinos.com\/es\/wp-json\/wp\/v2\/types\/page"}],"author":[{"embeddable":true,"href":"https:\/\/myapachecasinos.com\/es\/wp-json\/wp\/v2\/users\/1"}],"replies":[{"embeddable":true,"href":"https:\/\/myapachecasinos.com\/es\/wp-json\/wp\/v2\/comments?post=8996"}],"version-history":[{"count":1,"href":"https:\/\/myapachecasinos.com\/es\/wp-json\/wp\/v2\/pages\/8996\/revisions"}],"predecessor-version":[{"id":8997,"href":"https:\/\/myapachecasinos.com\/es\/wp-json\/wp\/v2\/pages\/8996\/revisions\/8997"}],"wp:attachment":[{"href":"https:\/\/myapachecasinos.com\/es\/wp-json\/wp\/v2\/media?parent=8996"}],"curies":[{"name":"wp","href":"https:\/\/api.w.org\/{rel}","templated":true}]}}