{"id":9003,"date":"2026-03-31T17:02:24","date_gmt":"2026-03-31T17:02:24","guid":{"rendered":"https:\/\/myapachecasinos.com\/cutter-quick-stop\/"},"modified":"2026-04-29T16:10:12","modified_gmt":"2026-04-29T16:10:12","slug":"cutter-quick-stop","status":"publish","type":"page","link":"https:\/\/myapachecasinos.com\/es\/cutter-quick-stop\/","title":{"rendered":"CUTTER QUICK STOP"},"content":{"rendered":"\t\t<div data-elementor-type=\"wp-page\" data-elementor-id=\"9003\" class=\"elementor elementor-9003 elementor-6932\">\n\t\t\t\t<div class=\"e-con-gap-no elementor-element elementor-element-bc7928a e-con-full e-flex sc_layouts_column_icons_position_left e-con e-parent\" data-id=\"bc7928a\" data-element_type=\"container\" data-e-type=\"container\" data-settings=\"{&quot;background_background&quot;:&quot;classic&quot;}\">\n\t\t\t\t<\/div>\n\t\t<div class=\"elementor-element elementor-element-5484741 e-con-full e-flex sc_layouts_column_icons_position_left e-con e-parent\" data-id=\"5484741\" data-element_type=\"container\" data-e-type=\"container\">\n\t\t<div data-animation-type=\"block\" class=\"elementor-element elementor-element-25a606b e-con-full e-flex sc_layouts_column_icons_position_left animation_type_block elementor-invisible e-con e-child\" data-id=\"25a606b\" data-element_type=\"container\" data-e-type=\"container\" data-settings=\"{&quot;animation&quot;:&quot;ta_fadein&quot;,&quot;animation_delay&quot;:100}\">\n\t\t\t\t<div class=\"elementor-element elementor-element-e123d40 trx-addons-animate sc_fly_static elementor-widget elementor-widget-trx_elm_advanced_title\" data-id=\"e123d40\" data-element_type=\"widget\" data-e-type=\"widget\" data-widget_type=\"trx_elm_advanced_title.default\">\n\t\t\t\t<div class=\"elementor-widget-container\">\n\t\t\t\t\t<h1 class=\"trx-addons-advanced-title\" style=\"--var-trx-addons-advanced-title-highlight-animation-duration: 2000ms;\">\n<span class=\"trx-addons-advanced-title-item trx-addons-advanced-title-item-text elementor-repeater-item-8818021 trx-addons-advanced-title-item-bg-as-text\">Cutter Quick Stop<\/span><\/h1>\t\t\t\t<\/div>\n\t\t\t\t<\/div>\n\t\t\t\t<div class=\"elementor-element elementor-element-860d259 trx-addons-animate sc_fly_static elementor-widget elementor-widget-trx_elm_advanced_title\" data-id=\"860d259\" data-element_type=\"widget\" data-e-type=\"widget\" data-widget_type=\"trx_elm_advanced_title.default\">\n\t\t\t\t<div class=\"elementor-widget-container\">\n\t\t\t\t\t<h1 class=\"trx-addons-advanced-title\" style=\"--var-trx-addons-advanced-title-highlight-animation-duration: 2000ms;\">\n<span class=\"trx-addons-advanced-title-item trx-addons-advanced-title-item-text elementor-repeater-item-f12f233\">Combustible para ti y tu coche<\/span><\/h1>\t\t\t\t<\/div>\n\t\t\t\t<\/div>\n\t\t\t\t<\/div>\n\t\t<div data-animation-type=\"block\" class=\"elementor-element elementor-element-8fb7f78 e-con-full e-flex sc_layouts_column_icons_position_left animation_type_block elementor-invisible e-con e-child\" data-id=\"8fb7f78\" data-element_type=\"container\" data-e-type=\"container\" data-settings=\"{&quot;animation&quot;:&quot;ta_fadein&quot;,&quot;animation_delay&quot;:100}\">\n\t\t\t\t<div data-animation-type=\"block\" class=\"elementor-element elementor-element-d62a8e8 sc_fly_static elementor-widget elementor-widget-text-editor\" data-id=\"d62a8e8\" data-element_type=\"widget\" data-e-type=\"widget\" data-settings=\"{&quot;_animation_delay&quot;:100,&quot;_animation&quot;:&quot;none&quot;}\" data-widget_type=\"text-editor.default\">\n\t\t\t\t\t\t\t\t\t<p class=\"p1\">Pasa para disfrutar de una verdadera comodidad todo en uno. Ya sea que salgas de viaje, vuelvas del lago o simplemente est\u00e9s de paso, tenemos todo lo que necesitas para repostar y recargar energ\u00edas. <\/p>\n<p class=\"p1\"><span style=\"font-size: 16px;\">Dentro encontrar\u00e1s todo lo esencial: desde aperitivos para llevar y bebidas fr\u00edas hasta tabaco, art\u00edculos de aseo y productos de alimentaci\u00f3n del d\u00eda a d\u00eda. \u00bfNecesitas algo r\u00e1pido para los ni\u00f1os? \u00bfUn art\u00edculo de viaje de \u00faltima hora? \u00bfUna taza de caf\u00e9 reci\u00e9n hecho para seguir conduciendo? Estamos bien surtidos y listos.    <\/span><\/p>\n<p class=\"p1\"><span style=\"font-size: 16px;\">En el surtidor ofrecemos gasolina sin plomo y di\u00e9sel para que cualquier veh\u00edculo pueda repostar con confianza. Nuestro dise\u00f1o de f\u00e1cil acceso hace que entrar y salir sea r\u00e1pido y sin complicaciones: sin largas esperas ni paradas complicadas. <\/span><\/p>\n<p class=\"p1\"><span style=\"font-size: 16px;\">Est\u00f3mago hambriento. Motor sediento. Agenda apretada. <\/span><span style=\"font-size: 16px;\">Sea lo que sea que te haya tra\u00eddo, te ayudaremos a volver a la carretera de forma r\u00e1pida y c\u00f3moda.<\/span><\/p>\n<p class=\"p1\"><span style=\"font-size: 16px;\"><b>HORARIO DE APERTURA:<\/b><\/span><\/p>\t\t\t\t\t\t\t\t<\/div>\n\t\t\t\t<div class=\"elementor-element elementor-element-7d8664e trx-addons-icon-list-traditional elementor-list-item-link-inline trx-addons-icon-left sc_fly_static elementor-widget elementor-widget-trx_elm_icon_list\" data-id=\"7d8664e\" data-element_type=\"widget\" data-e-type=\"widget\" data-widget_type=\"trx_elm_icon_list.default\">\n\t\t\t\t<div class=\"elementor-widget-container\">\n\t\t\t\t\t\t\t<div class=\"trx-addons-list-container\">\n\t\t\t<ul class=\"trx-addons-list-items\">\n\t\t\t\t\t\t\t\t\t\t\t\t\t\t\t\t\t\t\t\t\t<li class=\"trx-addons-icon-list-item trx-addons-icon-list-item-without-link elementor-repeater-item-b666940\">\n\t\t\t\t\t\t\t\t\t\t<span class=\"trx-addons-icon-wrapper\">\n\t\t\t\t\t\t\t\t\t\t<span class=\"trx-addons-icon-list-icon trx-addons-icon \">\n\t\t\t\t\t\t<svg xmlns=\"http:\/\/www.w3.org\/2000\/svg\" viewBox=\"0 0 9 6.3\"><path d=\"M3.5,6.3L0.3,3.5c-0.4-0.4-0.4-1-0.1-1.4c0.4-0.4,1-0.4,1.4-0.1l1.9,1.7l3.8-3.4c0.4-0.4,1-0.3,1.4,0.1s0.3,1-0.1,1.4 L3.5,6.3z\"><\/path><\/svg><\/span>\t\t\t<\/span>\n\t\t\t\t\t\t\t\t\t\t<h6 class=\"trx-addons-icon-list-text\">\n\t\t\t\t\t\t\t\tHorario de la tienda de conveniencia:<br>\u2022 Domingo\u2013mi\u00e9rcoles: 6:00\u201323:00<br>\u2022 Jueves\u2013s\u00e1bado: 6:00\u20132:00\t\t\t\t\t\t\t<\/h6>\n\t\t\t\t\t\t\t\t\t\t\t\t\t<\/li>\n\t\t\t\t\t\t\t\t\t\t\t\t\t\t\t\t\t\t\t\t\t\t\t\t\t\t\t<li class=\"trx-addons-icon-list-item trx-addons-icon-list-item-without-link elementor-repeater-item-9ac966d\">\n\t\t\t\t\t\t\t\t\t\t<span class=\"trx-addons-icon-wrapper\">\n\t\t\t\t\t\t\t\t\t\t<span class=\"trx-addons-icon-list-icon trx-addons-icon \">\n\t\t\t\t\t\t<svg xmlns=\"http:\/\/www.w3.org\/2000\/svg\" viewBox=\"0 0 9 6.3\"><path d=\"M3.5,6.3L0.3,3.5c-0.4-0.4-0.4-1-0.1-1.4c0.4-0.4,1-0.4,1.4-0.1l1.9,1.7l3.8-3.4c0.4-0.4,1-0.3,1.4,0.1s0.3,1-0.1,1.4 L3.5,6.3z\"><\/path><\/svg><\/span>\t\t\t<\/span>\n\t\t\t\t\t\t\t\t\t\t<h6 class=\"trx-addons-icon-list-text\">\n\t\t\t\t\t\t\t\tGasolinera de autoservicio:<br>\u2022 Abierta las 24 horas\t\t\t\t\t\t\t<\/h6>\n\t\t\t\t\t\t\t\t\t\t\t\t\t<\/li>\n\t\t\t\t\t\t\t\t\t\t\t\t\t\t\t\t\t\t\t\t\t\t\t\t\t\t\t<li class=\"trx-addons-icon-list-item trx-addons-icon-list-item-without-link elementor-repeater-item-e0f7bb7\">\n\t\t\t\t\t\t\t\t\t\t<span class=\"trx-addons-icon-wrapper\">\n\t\t\t\t\t\t\t\t\t\t<span class=\"trx-addons-icon-list-icon trx-addons-icon \">\n\t\t\t\t\t\t<svg xmlns=\"http:\/\/www.w3.org\/2000\/svg\" viewBox=\"0 0 9 6.3\"><path d=\"M3.5,6.3L0.3,3.5c-0.4-0.4-0.4-1-0.1-1.4c0.4-0.4,1-0.4,1.4-0.1l1.9,1.7l3.8-3.4c0.4-0.4,1-0.3,1.4,0.1s0.3,1-0.1,1.4 L3.5,6.3z\"><\/path><\/svg><\/span>\t\t\t<\/span>\n\t\t\t\t\t\t\t\t\t\t<h6 class=\"trx-addons-icon-list-text\">\n\t\t\t\t\t\t\t\tHorario de la tienda de tabaco:<br>\u2022 Domingo\u2013mi\u00e9rcoles: 8:00\u201323:00<br>\u2022 Jueves\u2013s\u00e1bado: 8:00\u20132:00\t\t\t\t\t\t\t<\/h6>\n\t\t\t\t\t\t\t\t\t\t\t\t\t<\/li>\n\t\t\t\t\t\t\t\t\t\t\t\t\t<\/ul>\n\t\t<\/div>\n\t\t\t\t\t\t<\/div>\n\t\t\t\t<\/div>\n\t\t\t\t<\/div>\n\t\t\t\t<\/div>\n\t\t<div class=\"e-con-gap-no elementor-element elementor-element-d18298c e-con-full e-flex sc_layouts_column_icons_position_left e-con e-parent\" data-id=\"d18298c\" data-element_type=\"container\" data-e-type=\"container\">\n\t\t<div class=\"st-theme-gold e-con-gap-no elementor-element elementor-element-dfbaa89 e-flex e-con-boxed sc_layouts_column_icons_position_left e-con e-child\" data-id=\"dfbaa89\" data-element_type=\"container\" data-e-type=\"container\" data-settings=\"{&quot;background_background&quot;:&quot;classic&quot;}\">\n\t\t\t\t\t<div class=\"e-con-inner\">\n\t\t<div class=\"elementor-element elementor-element-25a1ee5 e-con-full e-flex sc_layouts_column_icons_position_left e-con e-child\" data-id=\"25a1ee5\" data-element_type=\"container\" data-e-type=\"container\" data-settings=\"{&quot;background_background&quot;:&quot;classic&quot;}\">\n\t\t\t\t<div data-animation-type=\"block\" class=\"elementor-element elementor-element-f60980e animation_type_block sc_fly_static elementor-invisible elementor-widget elementor-widget-heading\" data-id=\"f60980e\" data-element_type=\"widget\" data-e-type=\"widget\" data-settings=\"{&quot;_animation&quot;:&quot;ta_fadein&quot;}\" data-widget_type=\"heading.default\">\n\t\t\t\t\t<p class=\"elementor-heading-title elementor-size-default\">Por favor, juega de forma responsable. \u00bfProblemas con el juego? Llama al <b>1-800-NEXT-STEP<\/b> o env\u00eda un mensaje de texto con <b>NEXTSTEP<\/b> al <b>53342<\/b>  <\/p>\t\t\t\t<\/div>\n\t\t\t\t<\/div>\n\t\t\t\t\t<\/div>\n\t\t\t\t<\/div>\n\t\t\t\t<\/div>\n\t\t<div class=\"elementor-element elementor-element-6598ccb e-flex e-con-boxed sc_layouts_column_icons_position_left e-con e-parent\" data-id=\"6598ccb\" data-element_type=\"container\" data-e-type=\"container\">\n\t\t\t\t\t<div class=\"e-con-inner\">\n\t\t\t\t<div class=\"elementor-element elementor-element-e3089cb elementor-widget-divider--view-line sc_fly_static elementor-widget elementor-widget-divider\" data-id=\"e3089cb\" data-element_type=\"widget\" data-e-type=\"widget\" data-widget_type=\"divider.default\">\n\t\t\t\t\t\t\t<div class=\"elementor-divider\">\n\t\t\t<span class=\"elementor-divider-separator\">\n\t\t\t\t\t\t<\/span>\n\t\t<\/div>\n\t\t\t\t\t\t<\/div>\n\t\t\t\t\t<\/div>\n\t\t\t\t<\/div>\n\t\t\t\t<\/div>\n\t\t","protected":false},"excerpt":{"rendered":"<p>Cutter Quick Stop Combustible para ti y tu coche Pasa para disfrutar de&hellip;<\/p>\n","protected":false},"author":1,"featured_media":0,"parent":0,"menu_order":0,"comment_status":"closed","ping_status":"closed","template":"","meta":{"footnotes":""},"class_list":["post-9003","page","type-page","status-publish","hentry"],"_links":{"self":[{"href":"https:\/\/myapachecasinos.com\/es\/wp-json\/wp\/v2\/pages\/9003","targetHints":{"allow":["GET"]}}],"collection":[{"href":"https:\/\/myapachecasinos.com\/es\/wp-json\/wp\/v2\/pages"}],"about":[{"href":"https:\/\/myapachecasinos.com\/es\/wp-json\/wp\/v2\/types\/page"}],"author":[{"embeddable":true,"href":"https:\/\/myapachecasinos.com\/es\/wp-json\/wp\/v2\/users\/1"}],"replies":[{"embeddable":true,"href":"https:\/\/myapachecasinos.com\/es\/wp-json\/wp\/v2\/comments?post=9003"}],"version-history":[{"count":1,"href":"https:\/\/myapachecasinos.com\/es\/wp-json\/wp\/v2\/pages\/9003\/revisions"}],"predecessor-version":[{"id":9006,"href":"https:\/\/myapachecasinos.com\/es\/wp-json\/wp\/v2\/pages\/9003\/revisions\/9006"}],"wp:attachment":[{"href":"https:\/\/myapachecasinos.com\/es\/wp-json\/wp\/v2\/media?parent=9003"}],"curies":[{"name":"wp","href":"https:\/\/api.w.org\/{rel}","templated":true}]}}