{"id":9014,"date":"2026-03-31T18:53:11","date_gmt":"2026-03-31T18:53:11","guid":{"rendered":"https:\/\/myapachecasinos.com\/snax-snack-bar\/"},"modified":"2026-04-29T16:10:25","modified_gmt":"2026-04-29T16:10:25","slug":"snax-snack-bar","status":"publish","type":"page","link":"https:\/\/myapachecasinos.com\/es\/snax-snack-bar\/","title":{"rendered":"SNAX SNACK BAR"},"content":{"rendered":"\t\t<div data-elementor-type=\"wp-page\" data-elementor-id=\"9014\" class=\"elementor elementor-9014 elementor-6977\">\n\t\t\t\t<div class=\"e-con-gap-no elementor-element elementor-element-bc7928a e-con-full e-flex sc_layouts_column_icons_position_left e-con e-parent\" data-id=\"bc7928a\" data-element_type=\"container\" data-e-type=\"container\" data-settings=\"{&quot;background_background&quot;:&quot;classic&quot;}\">\n\t\t\t\t<\/div>\n\t\t<div class=\"st-theme-gold elementor-element elementor-element-5484741 e-con-full e-flex sc_layouts_column_icons_position_left e-con e-parent\" data-id=\"5484741\" data-element_type=\"container\" data-e-type=\"container\">\n\t\t<div class=\"elementor-element elementor-element-0e2ccbe e-con-full e-flex sc_layouts_column_icons_position_left e-con e-child\" data-id=\"0e2ccbe\" data-element_type=\"container\" data-e-type=\"container\">\n\t\t\t\t<div class=\"elementor-element elementor-element-018740b trx-addons-animate sc_fly_static elementor-widget elementor-widget-trx_elm_advanced_title\" data-id=\"018740b\" data-element_type=\"widget\" data-e-type=\"widget\" data-widget_type=\"trx_elm_advanced_title.default\">\n\t\t\t\t<div class=\"elementor-widget-container\">\n\t\t\t\t\t<h1 class=\"trx-addons-advanced-title\" style=\"--var-trx-addons-advanced-title-highlight-animation-duration: 2000ms;\">\n<span class=\"trx-addons-advanced-title-item trx-addons-advanced-title-item-text elementor-repeater-item-8818021 trx-addons-advanced-title-item-bg-as-text\">Snax Snack Bar<\/span><\/h1>\t\t\t\t<\/div>\n\t\t\t\t<\/div>\n\t\t\t\t<div class=\"elementor-element elementor-element-1df4a1d trx-addons-animate sc_fly_static elementor-widget elementor-widget-trx_elm_advanced_title\" data-id=\"1df4a1d\" data-element_type=\"widget\" data-e-type=\"widget\" data-widget_type=\"trx_elm_advanced_title.default\">\n\t\t\t\t<div class=\"elementor-widget-container\">\n\t\t\t\t\t<h1 class=\"trx-addons-advanced-title\" style=\"--var-trx-addons-advanced-title-highlight-animation-duration: 2000ms;\">\n<span class=\"trx-addons-advanced-title-item trx-addons-advanced-title-item-text elementor-repeater-item-f12f233\">El picoteo importa. Hazlo sabroso. <\/span><\/h1>\t\t\t\t<\/div>\n\t\t\t\t<\/div>\n\t\t\t\t<\/div>\n\t\t<div data-animation-type=\"block\" class=\"elementor-element elementor-element-8fb7f78 e-con-full e-flex sc_layouts_column_icons_position_left animation_type_block elementor-invisible e-con e-child\" data-id=\"8fb7f78\" data-element_type=\"container\" data-e-type=\"container\" data-settings=\"{&quot;animation&quot;:&quot;ta_fadein&quot;,&quot;animation_delay&quot;:100}\">\n\t\t\t\t<div data-animation-type=\"block\" class=\"elementor-element elementor-element-d62a8e8 sc_fly_static elementor-widget elementor-widget-text-editor\" data-id=\"d62a8e8\" data-element_type=\"widget\" data-e-type=\"widget\" data-settings=\"{&quot;_animation_delay&quot;:100,&quot;_animation&quot;:&quot;none&quot;}\" data-widget_type=\"text-editor.default\">\n\t\t\t\t\t\t\t\t\t<p class=\"p1\">Cuando el hambre aprieta, SNAX responde: r\u00e1pido, fresco y lleno de sabor. Convenientemente ubicado justo al salir de la sala del casino, SNAX es tu parada obligada para disfrutar de esa comida reconfortante que tanto te apetece y que hace que la diversi\u00f3n no pare. <\/p>\n<p class=\"p1\">H\u00edncale el diente a jugosas hamburguesas con el punto justo, perritos calientes cl\u00e1sicos con tus ingredientes favoritos, pizzas calientes y fundentes, y nachos bien cargados. Es el tipo de comida que te sacia r\u00e1pido: sin reservas, sin esperas, simplemente deliciosa. <\/p>\n<p class=\"p1\">\u00bfNecesitas un empuj\u00f3n entre partida y partida? T\u00f3mate una taza de caf\u00e9 reci\u00e9n hecho para recargar pilas. \u00bfBuscas algo r\u00e1pido antes de volver a la acci\u00f3n? Te tenemos cubierto. Ya sea un antojo nocturno, un tentempi\u00e9 a media tarde o energ\u00eda para una racha de suerte que dure toda la noche, SNAX te lo sirve caliente y al momento.    <\/p>\n<p class=\"p1\">Mucho sabor. Bocados r\u00e1pidos. Sin complicaciones.  <\/p>\n<p class=\"p1\">Cuando est\u00e9s listo para comer, SNAX estar\u00e1 listo para servirte.<\/p><p class=\"p1\"><br><\/p>\n<p class=\"p1\"><b>HORARIO DE APERTURA:<\/b><\/p>\t\t\t\t\t\t\t\t<\/div>\n\t\t\t\t<div class=\"elementor-element elementor-element-7d8664e trx-addons-icon-list-traditional elementor-list-item-link-inline trx-addons-icon-left sc_fly_static elementor-widget elementor-widget-trx_elm_icon_list\" data-id=\"7d8664e\" data-element_type=\"widget\" data-e-type=\"widget\" data-widget_type=\"trx_elm_icon_list.default\">\n\t\t\t\t<div class=\"elementor-widget-container\">\n\t\t\t\t\t\t\t<div class=\"trx-addons-list-container\">\n\t\t\t<ul class=\"trx-addons-list-items\">\n\t\t\t\t\t\t\t\t\t\t\t\t\t\t\t\t\t\t\t\t\t<li class=\"trx-addons-icon-list-item trx-addons-icon-list-item-without-link elementor-repeater-item-b666940\">\n\t\t\t\t\t\t\t\t\t\t<span class=\"trx-addons-icon-wrapper\">\n\t\t\t\t\t\t\t\t\t\t<span class=\"trx-addons-icon-list-icon trx-addons-icon \">\n\t\t\t\t\t\t<svg xmlns=\"http:\/\/www.w3.org\/2000\/svg\" viewBox=\"0 0 9 6.3\"><path d=\"M3.5,6.3L0.3,3.5c-0.4-0.4-0.4-1-0.1-1.4c0.4-0.4,1-0.4,1.4-0.1l1.9,1.7l3.8-3.4c0.4-0.4,1-0.3,1.4,0.1s0.3,1-0.1,1.4 L3.5,6.3z\"><\/path><\/svg><\/span>\t\t\t<\/span>\n\t\t\t\t\t\t\t\t\t\t<h6 class=\"trx-addons-icon-list-text\">\n\t\t\t\t\t\t\t\tDIARIO: de 8:00 a 00:00\t\t\t\t\t\t\t<\/h6>\n\t\t\t\t\t\t\t\t\t\t\t\t\t<\/li>\n\t\t\t\t\t\t\t\t\t\t\t\t\t<\/ul>\n\t\t<\/div>\n\t\t\t\t\t\t<\/div>\n\t\t\t\t<\/div>\n\t\t\t\t<\/div>\n\t\t\t\t<\/div>\n\t\t<div class=\"st-theme-sky elementor-element elementor-element-afd261c e-con-full e-flex sc_layouts_column_icons_position_left e-con e-parent\" data-id=\"afd261c\" data-element_type=\"container\" data-e-type=\"container\">\n\t\t<div class=\"elementor-element elementor-element-15b9d7d e-con-full e-flex sc_layouts_column_icons_position_left e-con e-child\" data-id=\"15b9d7d\" data-element_type=\"container\" data-e-type=\"container\">\n\t\t\t\t<div class=\"elementor-element elementor-element-f388dbf trx-addons-animate sc_fly_static elementor-widget elementor-widget-trx_elm_advanced_title\" data-id=\"f388dbf\" data-element_type=\"widget\" data-e-type=\"widget\" data-widget_type=\"trx_elm_advanced_title.default\">\n\t\t\t\t<div class=\"elementor-widget-container\">\n\t\t\t\t\t<h1 class=\"trx-addons-advanced-title\" style=\"--var-trx-addons-advanced-title-highlight-animation-duration: 2000ms;\">\n<span class=\"trx-addons-advanced-title-item trx-addons-advanced-title-item-text elementor-repeater-item-8818021 trx-addons-advanced-title-item-bg-as-text\">Snax Snack Bar<\/span><\/h1>\t\t\t\t<\/div>\n\t\t\t\t<\/div>\n\t\t\t\t<div class=\"elementor-element elementor-element-30ecfc4 trx-addons-animate sc_fly_static elementor-widget elementor-widget-trx_elm_advanced_title\" data-id=\"30ecfc4\" data-element_type=\"widget\" data-e-type=\"widget\" data-widget_type=\"trx_elm_advanced_title.default\">\n\t\t\t\t<div class=\"elementor-widget-container\">\n\t\t\t\t\t<h1 class=\"trx-addons-advanced-title\" style=\"--var-trx-addons-advanced-title-highlight-animation-duration: 2000ms;\">\n<span class=\"trx-addons-advanced-title-item trx-addons-advanced-title-item-text elementor-repeater-item-f12f233\">Recarga energ\u00edas. Rel\u00e1jate. Pica algo.  <\/span><\/h1>\t\t\t\t<\/div>\n\t\t\t\t<\/div>\n\t\t\t\t<\/div>\n\t\t<div data-animation-type=\"block\" class=\"elementor-element elementor-element-8e91989 e-con-full e-flex sc_layouts_column_icons_position_left animation_type_block elementor-invisible e-con e-child\" data-id=\"8e91989\" data-element_type=\"container\" data-e-type=\"container\" data-settings=\"{&quot;animation&quot;:&quot;ta_fadein&quot;,&quot;animation_delay&quot;:100}\">\n\t\t\t\t<div data-animation-type=\"block\" class=\"elementor-element elementor-element-b58ff75 sc_fly_static elementor-widget elementor-widget-text-editor\" data-id=\"b58ff75\" data-element_type=\"widget\" data-e-type=\"widget\" data-settings=\"{&quot;_animation_delay&quot;:100,&quot;_animation&quot;:&quot;none&quot;}\" data-widget_type=\"text-editor.default\">\n\t\t\t\t\t\t\t\t\t<p class=\"p1\">El hambre aparece. Y cuando lo hace, SNAX te espera con exactamente lo que necesitas: caliente, r\u00e1pido y realmente satisfactorio. Convenientemente situado justo al lado de la sala del casino, es la parada t\u00e9cnica perfecta entre tiradas, manos y celebraciones.  <\/p><p class=\"p1\">Empieza tu ma\u00f1ana con fuerza con un contundente s\u00e1ndwich de desayuno lleno de sabor. P\u00e1sate m\u00e1s tarde para disfrutar de un bol de cena que realmente te deje satisfecho. O mant\u00e9n las cosas sencillas con una chocolatina y un refresco bien fr\u00edo para mantener viva tu racha (y tu energ\u00eda). Sea cual sea tu antojo, estamos listos.   <\/p><p class=\"p1\">Desde patatas fritas saladas y galletas reci\u00e9n horneadas hasta bebidas energ\u00e9ticas para potenciar tu pr\u00f3xima ronda, SNAX cuenta con todos esos favoritos para llevar que te hacen la vida m\u00e1s f\u00e1cil y sabrosa. Sin l\u00edos. Sin largas esperas. Solo sabor r\u00e1pido y un servicio amable.   <\/p><p class=\"p1\">Porque por aqu\u00ed sabemos que la diversi\u00f3n no se detiene por el hambre. As\u00ed que, cuando el gusanillo haga su aparici\u00f3n, p\u00e1sate por SNAX, donde los bocados r\u00e1pidos, los sabores intensos y un toque extra de delicia siempre est\u00e1n en el men\u00fa. <\/p><p class=\"p1\"><b>SNAX \u201cSnack Bar\u201d<\/b><\/p><ul><li><b>Martes: <\/b>Martes de Tacos<\/li><li><b>Mi\u00e9rcoles:<\/b> Mi\u00e9rcoles de Chili Dog<\/li><li><b>Viernes:<\/b> Viernes de Pan Frito<\/li><li><b>S\u00e1bados y domingos:<\/b> Elecci\u00f3n del Chef<\/li><\/ul><div> <\/div><p class=\"p1\"><b>HORARIO DE APERTURA:<\/b><\/p>\t\t\t\t\t\t\t\t<\/div>\n\t\t\t\t<div class=\"elementor-element elementor-element-0be1245 trx-addons-icon-list-traditional elementor-list-item-link-inline trx-addons-icon-left sc_fly_static elementor-widget elementor-widget-trx_elm_icon_list\" data-id=\"0be1245\" data-element_type=\"widget\" data-e-type=\"widget\" data-widget_type=\"trx_elm_icon_list.default\">\n\t\t\t\t<div class=\"elementor-widget-container\">\n\t\t\t\t\t\t\t<div class=\"trx-addons-list-container\">\n\t\t\t<ul class=\"trx-addons-list-items\">\n\t\t\t\t\t\t\t\t\t\t\t\t\t\t\t\t\t\t\t\t\t<li class=\"trx-addons-icon-list-item trx-addons-icon-list-item-without-link elementor-repeater-item-b666940\">\n\t\t\t\t\t\t\t\t\t\t<span class=\"trx-addons-icon-wrapper\">\n\t\t\t\t\t\t\t\t\t\t<span class=\"trx-addons-icon-list-icon trx-addons-icon \">\n\t\t\t\t\t\t<svg xmlns=\"http:\/\/www.w3.org\/2000\/svg\" viewBox=\"0 0 9 6.3\"><path d=\"M3.5,6.3L0.3,3.5c-0.4-0.4-0.4-1-0.1-1.4c0.4-0.4,1-0.4,1.4-0.1l1.9,1.7l3.8-3.4c0.4-0.4,1-0.3,1.4,0.1s0.3,1-0.1,1.4 L3.5,6.3z\"><\/path><\/svg><\/span>\t\t\t<\/span>\n\t\t\t\t\t\t\t\t\t\t<h6 class=\"trx-addons-icon-list-text\">\n\t\t\t\t\t\t\t\tABIERTO 24 HORAS\t\t\t\t\t\t\t<\/h6>\n\t\t\t\t\t\t\t\t\t\t\t\t\t<\/li>\n\t\t\t\t\t\t\t\t\t\t\t\t\t<\/ul>\n\t\t<\/div>\n\t\t\t\t\t\t<\/div>\n\t\t\t\t<\/div>\n\t\t\t\t<\/div>\n\t\t\t\t<\/div>\n\t\t<div class=\"e-con-gap-no elementor-element elementor-element-39a6f12 e-con-full e-flex sc_layouts_column_icons_position_left e-con e-parent\" data-id=\"39a6f12\" data-element_type=\"container\" data-e-type=\"container\">\n\t\t<div class=\"st-theme-gold e-con-gap-no elementor-element elementor-element-822d9e0 e-flex e-con-boxed sc_layouts_column_icons_position_left e-con e-child\" data-id=\"822d9e0\" data-element_type=\"container\" data-e-type=\"container\" data-settings=\"{&quot;background_background&quot;:&quot;classic&quot;}\">\n\t\t\t\t\t<div class=\"e-con-inner\">\n\t\t<div class=\"elementor-element elementor-element-724e7ee e-con-full e-flex sc_layouts_column_icons_position_left e-con e-child\" data-id=\"724e7ee\" data-element_type=\"container\" data-e-type=\"container\" data-settings=\"{&quot;background_background&quot;:&quot;classic&quot;}\">\n\t\t\t\t<div data-animation-type=\"block\" class=\"elementor-element elementor-element-def8805 animation_type_block sc_fly_static elementor-invisible elementor-widget elementor-widget-heading\" data-id=\"def8805\" data-element_type=\"widget\" data-e-type=\"widget\" data-settings=\"{&quot;_animation&quot;:&quot;ta_fadein&quot;}\" data-widget_type=\"heading.default\">\n\t\t\t\t\t<p class=\"elementor-heading-title elementor-size-default\">Por favor, juega con responsabilidad. \u00bfProblemas con el juego? Llama al <b>1-800-NEXT-STEP<\/b> o env\u00eda un mensaje de texto con <b>NEXTSTEP<\/b> al <b>53342<\/b>  <\/p>\t\t\t\t<\/div>\n\t\t\t\t<\/div>\n\t\t\t\t\t<\/div>\n\t\t\t\t<\/div>\n\t\t<div class=\"st-theme-sky e-con-gap-no elementor-element elementor-element-2576b45 e-flex e-con-boxed sc_layouts_column_icons_position_left e-con e-child\" data-id=\"2576b45\" data-element_type=\"container\" data-e-type=\"container\" data-settings=\"{&quot;background_background&quot;:&quot;classic&quot;}\">\n\t\t\t\t\t<div class=\"e-con-inner\">\n\t\t<div class=\"elementor-element elementor-element-dc24318 e-con-full e-flex sc_layouts_column_icons_position_left e-con e-child\" data-id=\"dc24318\" data-element_type=\"container\" data-e-type=\"container\" data-settings=\"{&quot;background_background&quot;:&quot;classic&quot;}\">\n\t\t\t\t<div data-animation-type=\"block\" class=\"elementor-element elementor-element-c41d76a animation_type_block sc_fly_static elementor-invisible elementor-widget elementor-widget-heading\" data-id=\"c41d76a\" data-element_type=\"widget\" data-e-type=\"widget\" data-settings=\"{&quot;_animation&quot;:&quot;ta_fadein&quot;}\" data-widget_type=\"heading.default\">\n\t\t\t\t\t<p class=\"elementor-heading-title elementor-size-default\">Por favor, juega con responsabilidad. \u00bfProblemas con el juego? Llama al <b>1-800-NEXT-STEP<\/b> o env\u00eda un mensaje de texto con <b>NEXTSTEP<\/b> al <b>53342<\/b>  <\/p>\t\t\t\t<\/div>\n\t\t\t\t<\/div>\n\t\t\t\t\t<\/div>\n\t\t\t\t<\/div>\n\t\t\t\t<\/div>\n\t\t\t\t<\/div>\n\t\t","protected":false},"excerpt":{"rendered":"<p>Snax Snack Bar El picoteo importa. Hazlo sabroso. Cuando el hambre aprieta, SNAX&hellip;<\/p>\n","protected":false},"author":1,"featured_media":0,"parent":0,"menu_order":0,"comment_status":"closed","ping_status":"closed","template":"","meta":{"footnotes":""},"class_list":["post-9014","page","type-page","status-publish","hentry"],"_links":{"self":[{"href":"https:\/\/myapachecasinos.com\/es\/wp-json\/wp\/v2\/pages\/9014","targetHints":{"allow":["GET"]}}],"collection":[{"href":"https:\/\/myapachecasinos.com\/es\/wp-json\/wp\/v2\/pages"}],"about":[{"href":"https:\/\/myapachecasinos.com\/es\/wp-json\/wp\/v2\/types\/page"}],"author":[{"embeddable":true,"href":"https:\/\/myapachecasinos.com\/es\/wp-json\/wp\/v2\/users\/1"}],"replies":[{"embeddable":true,"href":"https:\/\/myapachecasinos.com\/es\/wp-json\/wp\/v2\/comments?post=9014"}],"version-history":[{"count":1,"href":"https:\/\/myapachecasinos.com\/es\/wp-json\/wp\/v2\/pages\/9014\/revisions"}],"predecessor-version":[{"id":9018,"href":"https:\/\/myapachecasinos.com\/es\/wp-json\/wp\/v2\/pages\/9014\/revisions\/9018"}],"wp:attachment":[{"href":"https:\/\/myapachecasinos.com\/es\/wp-json\/wp\/v2\/media?parent=9014"}],"curies":[{"name":"wp","href":"https:\/\/api.w.org\/{rel}","templated":true}]}}