{"id":9099,"date":"2026-04-09T21:49:33","date_gmt":"2026-04-09T21:49:33","guid":{"rendered":"https:\/\/myapachecasinos.com\/sky-bar\/"},"modified":"2026-04-29T16:15:05","modified_gmt":"2026-04-29T16:15:05","slug":"sky-bar","status":"publish","type":"page","link":"https:\/\/myapachecasinos.com\/es\/sky-bar\/","title":{"rendered":"SKY BAR"},"content":{"rendered":"\t\t<div data-elementor-type=\"wp-page\" data-elementor-id=\"9099\" class=\"elementor elementor-9099 elementor-8171\">\n\t\t\t\t<div class=\"e-con-with-custom-width elementor-element elementor-element-5484741 e-flex e-con-boxed sc_layouts_column_icons_position_left e-con e-parent\" data-id=\"5484741\" data-element_type=\"container\" data-e-type=\"container\">\n\t\t\t\t\t<div class=\"e-con-inner\">\n\t\t<div class=\"elementor-element elementor-element-a1b5537 e-con-full e-flex sc_layouts_column_icons_position_left e-con e-child\" data-id=\"a1b5537\" data-element_type=\"container\" data-e-type=\"container\">\n\t\t\t\t<div class=\"elementor-element elementor-element-5288ac1 elementor-widget__width-initial trx-addons-animate sc_fly_static elementor-widget elementor-widget-trx_elm_advanced_title\" data-id=\"5288ac1\" data-element_type=\"widget\" data-e-type=\"widget\" data-widget_type=\"trx_elm_advanced_title.default\">\n\t\t\t\t<div class=\"elementor-widget-container\">\n\t\t\t\t\t<h1 class=\"trx-addons-advanced-title\" style=\"--var-trx-addons-advanced-title-highlight-animation-duration: 2000ms;\">\n<span class=\"trx-addons-advanced-title-item trx-addons-advanced-title-item-text elementor-repeater-item-8818021 trx-addons-advanced-title-item-bg-as-text\">SKY BAR<\/span><\/h1>\t\t\t\t<\/div>\n\t\t\t\t<\/div>\n\t\t\t\t<div class=\"elementor-element elementor-element-f7064d7 elementor-widget__width-initial trx-addons-animate sc_fly_static elementor-widget elementor-widget-trx_elm_advanced_title\" data-id=\"f7064d7\" data-element_type=\"widget\" data-e-type=\"widget\" data-widget_type=\"trx_elm_advanced_title.default\">\n\t\t\t\t<div class=\"elementor-widget-container\">\n\t\t\t\t\t<h1 class=\"trx-addons-advanced-title\" style=\"--var-trx-addons-advanced-title-highlight-animation-duration: 2000ms;\">\n<span class=\"trx-addons-advanced-title-item trx-addons-advanced-title-item-text elementor-repeater-item-f12f233\">Un brindis por los buenos tiempos \u2014 y por los que est\u00e1n por venir.<\/span><\/h1>\t\t\t\t<\/div>\n\t\t\t\t<\/div>\n\t\t\t\t<\/div>\n\t\t<div class=\"elementor-element elementor-element-89b8561 e-con-full e-flex sc_layouts_column_icons_position_left e-con e-child\" data-id=\"89b8561\" data-element_type=\"container\" data-e-type=\"container\">\n\t\t\t\t<div data-animation-type=\"block\" class=\"elementor-element elementor-element-9933745 sc_fly_static elementor-widget elementor-widget-text-editor\" data-id=\"9933745\" data-element_type=\"widget\" data-e-type=\"widget\" data-settings=\"{&quot;_animation_delay&quot;:100,&quot;_animation&quot;:&quot;none&quot;}\" data-widget_type=\"text-editor.default\">\n\t\t\t\t\t\t\t\t\t<p>Situado cerca de las mesas de blackjack, Sky Bar es el lugar perfecto para beber, relajarte y celebrar. P\u00eddete una cerveza bien fr\u00eda, prueba un c\u00f3ctel artesanal o elige una marca premium si te sientes con suerte. Aprovecha las ofertas de bebidas a 4 $ todos los meses, disfruta del partido en nuestras pantallas y anima a tu equipo favorito \u2014 o a tu camarero preferido. \u00bfTienes hambre? Pide comida sin abandonar la diversi\u00f3n. En Sky Bar encontrar\u00e1s buenas copas, un ambiente incre\u00edble y muchos motivos para quedarte.     <\/p><p><b>HORARIO DE SKY BAR:<\/b><\/p>\t\t\t\t\t\t\t\t<\/div>\n\t\t\t\t<div class=\"elementor-element elementor-element-2ebe05b trx-addons-icon-list-traditional elementor-list-item-link-inline trx-addons-icon-left sc_fly_static elementor-widget elementor-widget-trx_elm_icon_list\" data-id=\"2ebe05b\" data-element_type=\"widget\" data-e-type=\"widget\" data-widget_type=\"trx_elm_icon_list.default\">\n\t\t\t\t<div class=\"elementor-widget-container\">\n\t\t\t\t\t\t\t<div class=\"trx-addons-list-container\">\n\t\t\t<ul class=\"trx-addons-list-items\">\n\t\t\t\t\t\t\t\t\t\t\t\t\t\t\t\t\t\t\t\t\t<li class=\"trx-addons-icon-list-item trx-addons-icon-list-item-without-link elementor-repeater-item-b666940\">\n\t\t\t\t\t\t\t\t\t\t<span class=\"trx-addons-icon-wrapper\">\n\t\t\t\t\t\t\t\t\t\t<span class=\"trx-addons-icon-list-icon trx-addons-icon \">\n\t\t\t\t\t\t<svg aria-hidden=\"true\" class=\"e-font-icon-svg e-far-clock\" viewBox=\"0 0 512 512\" xmlns=\"http:\/\/www.w3.org\/2000\/svg\"><path d=\"M256 8C119 8 8 119 8 256s111 248 248 248 248-111 248-248S393 8 256 8zm0 448c-110.5 0-200-89.5-200-200S145.5 56 256 56s200 89.5 200 200-89.5 200-200 200zm61.8-104.4l-84.9-61.7c-3.1-2.3-4.9-5.9-4.9-9.7V116c0-6.6 5.4-12 12-12h32c6.6 0 12 5.4 12 12v141.7l66.8 48.6c5.4 3.9 6.5 11.4 2.6 16.8L334.6 349c-3.9 5.3-11.4 6.5-16.8 2.6z\"><\/path><\/svg><\/span>\t\t\t<\/span>\n\t\t\t\t\t\t\t\t\t\t<h6 class=\"trx-addons-icon-list-text\">\n\t\t\t\t\t\t\t\tDOMINGO\u2013JUEVES, 10:00\u2013Medianoche\t\t\t\t\t\t\t<\/h6>\n\t\t\t\t\t\t\t\t\t\t\t\t\t<\/li>\n\t\t\t\t\t\t\t\t\t\t\t\t\t\t\t\t\t\t\t\t\t\t\t\t\t\t\t<li class=\"trx-addons-icon-list-item trx-addons-icon-list-item-without-link elementor-repeater-item-de6a0db\">\n\t\t\t\t\t\t\t\t\t\t<span class=\"trx-addons-icon-wrapper\">\n\t\t\t\t\t\t\t\t\t\t<span class=\"trx-addons-icon-list-icon trx-addons-icon \">\n\t\t\t\t\t\t<svg aria-hidden=\"true\" class=\"e-font-icon-svg e-far-clock\" viewBox=\"0 0 512 512\" xmlns=\"http:\/\/www.w3.org\/2000\/svg\"><path d=\"M256 8C119 8 8 119 8 256s111 248 248 248 248-111 248-248S393 8 256 8zm0 448c-110.5 0-200-89.5-200-200S145.5 56 256 56s200 89.5 200 200-89.5 200-200 200zm61.8-104.4l-84.9-61.7c-3.1-2.3-4.9-5.9-4.9-9.7V116c0-6.6 5.4-12 12-12h32c6.6 0 12 5.4 12 12v141.7l66.8 48.6c5.4 3.9 6.5 11.4 2.6 16.8L334.6 349c-3.9 5.3-11.4 6.5-16.8 2.6z\"><\/path><\/svg><\/span>\t\t\t<\/span>\n\t\t\t\t\t\t\t\t\t\t<h6 class=\"trx-addons-icon-list-text\">\n\t\t\t\t\t\t\t\tVIERNES Y S\u00c1BADOS, 10:00\u201302:00\t\t\t\t\t\t\t<\/h6>\n\t\t\t\t\t\t\t\t\t\t\t\t\t<\/li>\n\t\t\t\t\t\t\t\t\t\t\t\t\t<\/ul>\n\t\t<\/div>\n\t\t\t\t\t\t<\/div>\n\t\t\t\t<\/div>\n\t\t\t\t<div class=\"elementor-element elementor-element-207e9ef elementor-align-left sc_fly_static elementor-widget elementor-widget-button\" data-id=\"207e9ef\" data-element_type=\"widget\" data-e-type=\"widget\" data-widget_type=\"button.default\">\n\t\t\t\t\t\t\t\t\t\t<a class=\"elementor-button elementor-button-link elementor-size-sm\" href=\"#prime-specials\">\n\t\t\t\t\t\t<span class=\"elementor-button-content-wrapper\">\n\t\t\t\t\t\t\t\t\t<span class=\"elementor-button-text\">Ver ofertas<\/span>\n\t\t\t\t\t<\/span>\n\t\t\t\t\t<\/a>\n\t\t\t\t\t\t\t\t<\/div>\n\t\t\t\t<\/div>\n\t\t\t\t<div class=\"elementor-element elementor-element-5f91ba2 elementor-widget__width-initial elementor-absolute sc_fly_static elementor-widget elementor-widget-image\" data-id=\"5f91ba2\" data-element_type=\"widget\" data-e-type=\"widget\" data-settings=\"{&quot;_position&quot;:&quot;absolute&quot;}\" data-widget_type=\"image.default\">\n\t\t\t\t\t\t\t\t\t\t\t\t\t\t\t<img fetchpriority=\"high\" decoding=\"async\" width=\"663\" height=\"477\" src=\"https:\/\/myapachecasinos.com\/wp-content\/uploads\/2026\/01\/tribal-left-dark.svg\" class=\"attachment-full size-full wp-image-8895\" alt=\"\" \/>\t\t\t\t\t\t\t\t\t\t\t\t\t\t\t<\/div>\n\t\t\t\t\t<\/div>\n\t\t\t\t<\/div>\n\t\t<div class=\"e-con-gap-no elementor-element elementor-element-bc7928a e-con-full e-flex sc_layouts_column_icons_position_left e-con e-parent\" data-id=\"bc7928a\" data-element_type=\"container\" data-e-type=\"container\" data-settings=\"{&quot;background_background&quot;:&quot;classic&quot;}\">\n\t\t\t\t<\/div>\n\t\t<div class=\"e-con-gap-no elementor-element elementor-element-6d64e25 e-flex e-con-boxed sc_layouts_column_icons_position_left e-con e-parent\" data-id=\"6d64e25\" data-element_type=\"container\" data-e-type=\"container\">\n\t\t\t\t\t<div class=\"e-con-inner\">\n\t\t<div data-animation-type=\"block\" class=\"elementor-element elementor-element-b12dc44 e-con-full e-flex sc_layouts_column_icons_position_left animation_type_block elementor-invisible e-con e-child\" data-id=\"b12dc44\" data-element_type=\"container\" data-e-type=\"container\" data-settings=\"{&quot;animation&quot;:&quot;ta_fadeinup&quot;}\">\n\t\t\t\t<div data-animation-type=\"block\" class=\"elementor-element elementor-element-4cd4943 animation_type_block sc_fly_static elementor-invisible elementor-widget elementor-widget-heading\" data-id=\"4cd4943\" data-element_type=\"widget\" data-e-type=\"widget\" data-settings=\"{&quot;_animation_delay&quot;:100,&quot;_animation&quot;:&quot;ta_fadeinup&quot;}\" data-widget_type=\"heading.default\">\n\t\t\t\t\t<h6 class=\"elementor-heading-title elementor-size-default\">EMPIEZA EL JUEGO. BEBIDAS FUERTES. TODOS LOS MESES.  <\/h6>\t\t\t\t<\/div>\n\t\t\t\t<div data-animation-type=\"block\" class=\"elementor-element elementor-element-b9b2df2 elementor-widget__width-initial trx-addons-animate animation_type_block sc_fly_static elementor-invisible elementor-widget elementor-widget-trx_elm_advanced_title\" data-id=\"b9b2df2\" data-element_type=\"widget\" data-e-type=\"widget\" data-settings=\"{&quot;_animation&quot;:&quot;ta_fadeinup&quot;,&quot;_animation_delay&quot;:100}\" data-widget_type=\"trx_elm_advanced_title.default\">\n\t\t\t\t<div class=\"elementor-widget-container\">\n\t\t\t\t\t<h1 class=\"trx-addons-advanced-title\" style=\"--var-trx-addons-advanced-title-highlight-animation-duration: 2000ms;\">\n<span class=\"trx-addons-advanced-title-item trx-addons-advanced-title-item-text elementor-repeater-item-360117e\">Nuestras<\/span>\n<span class=\"trx-addons-advanced-title-item trx-addons-advanced-title-item-text elementor-repeater-item-a763843 trx-addons-advanced-title-item-bg-as-text\">mensuales<\/span>\n<span class=\"trx-addons-advanced-title-item trx-addons-advanced-title-item-text elementor-repeater-item-e022a13\">Ofertas<\/span><\/h1>\t\t\t\t<\/div>\n\t\t\t\t<\/div>\n\t\t\t\t<\/div>\n\t\t\t\t\t<\/div>\n\t\t\t\t<\/div>\n\t\t<div class=\"elementor-element elementor-element-34a1436 e-flex e-con-boxed sc_layouts_column_icons_position_left e-con e-parent\" data-id=\"34a1436\" data-element_type=\"container\" data-e-type=\"container\">\n\t\t\t\t\t<div class=\"e-con-inner\">\n\t\t<div data-animation-type=\"block\" class=\"elementor-element elementor-element-e00a4df e-con-full e-flex sc_layouts_column_icons_position_left animation_type_block elementor-invisible e-con e-child\" data-id=\"e00a4df\" data-element_type=\"container\" data-e-type=\"container\" data-settings=\"{&quot;background_background&quot;:&quot;classic&quot;,&quot;animation&quot;:&quot;ta_fadeinup&quot;,&quot;animation_delay&quot;:100}\">\n\t\t\t\t<div class=\"elementor-element elementor-element-7425246 sc_fly_static elementor-widget elementor-widget-menu-anchor\" data-id=\"7425246\" data-element_type=\"widget\" data-e-type=\"widget\" data-widget_type=\"menu-anchor.default\">\n\t\t\t\t\t\t\t<div class=\"elementor-menu-anchor\" id=\"prime-specials\"><\/div>\n\t\t\t\t\t\t<\/div>\n\t\t\t\t<\/div>\n\t\t<div class=\"elementor-element elementor-element-070678f e-con-full e-flex sc_layouts_column_icons_position_left e-con e-child\" data-id=\"070678f\" data-element_type=\"container\" data-e-type=\"container\">\n\t\t<div data-animation-type=\"block\" class=\"elementor-element elementor-element-2c405dd e-con-full e-flex sc_layouts_column_icons_position_left animation_type_block elementor-invisible e-con e-child\" data-id=\"2c405dd\" data-element_type=\"container\" data-e-type=\"container\" data-settings=\"{&quot;animation&quot;:&quot;ta_fadeinup&quot;}\">\n\t\t\t\t<div class=\"elementor-element elementor-element-3a51b22 sc_fly_static elementor-widget elementor-widget-heading\" data-id=\"3a51b22\" data-element_type=\"widget\" data-e-type=\"widget\" data-widget_type=\"heading.default\">\n\t\t\t\t\t<h6 class=\"elementor-heading-title elementor-size-default\">M\u00c1S FRESCO QUE EL AIRE DE PRIMAVERA. M\u00c1S DULCE QUE UN ROMANCE PASAJERO. <\/h6>\t\t\t\t<\/div>\n\t\t\t\t<div class=\"elementor-element elementor-element-eaa13c3 elementor-widget__width-initial trx-addons-animate sc_fly_static elementor-widget elementor-widget-trx_elm_advanced_title\" data-id=\"eaa13c3\" data-element_type=\"widget\" data-e-type=\"widget\" data-widget_type=\"trx_elm_advanced_title.default\">\n\t\t\t\t<div class=\"elementor-widget-container\">\n\t\t\t\t\t<h1 class=\"trx-addons-advanced-title\" style=\"--var-trx-addons-advanced-title-highlight-animation-duration: 2000ms;\">\n<span class=\"trx-addons-advanced-title-item trx-addons-advanced-title-item-text elementor-repeater-item-55074d8\">Ofertas de bebidas de abril<\/span>\n<span class=\"trx-addons-advanced-title-item trx-addons-advanced-title-item-text elementor-repeater-item-8818021 trx-addons-advanced-title-item-bg-as-text\">5 $<\/span><\/h1>\t\t\t\t<\/div>\n\t\t\t\t<\/div>\n\t\t\t\t<div class=\"elementor-element elementor-element-0e30af5 sc_fly_static elementor-widget elementor-widget-text-editor\" data-id=\"0e30af5\" data-element_type=\"widget\" data-e-type=\"widget\" data-widget_type=\"text-editor.default\">\n\t\t\t\t\t\t\t\t\t<p><b>Pink Breeze<\/b> \u2014 Ligero, suave y peligrosamente f\u00e1cil de querer.<br><b>April Showers<\/b> \u2014 Fresco, refrescante y listo para causar sensaci\u00f3n.<br><b>Spring Fling<\/b> \u2014 Dulce, divertido y f\u00e1cil de enamorar tras el primer sorbo.<br><b>Drunk Bunny<\/b> \u2014 Dulce, fuerte y saltando directo al caos del happy hour.<\/p>\t\t\t\t\t\t\t\t<\/div>\n\t\t\t\t<div class=\"elementor-element elementor-element-b46ae92 sc_fly_static elementor-widget elementor-widget-text-editor\" data-id=\"b46ae92\" data-element_type=\"widget\" data-e-type=\"widget\" data-widget_type=\"text-editor.default\">\n\t\t\t\t\t\t\t\t\t<p><i>*Debes ser mayor de 21 a\u00f1os para consumir alcohol<\/i><\/p>\t\t\t\t\t\t\t\t<\/div>\n\t\t\t\t<\/div>\n\t\t\t\t<\/div>\n\t\t\t\t\t<\/div>\n\t\t\t\t<\/div>\n\t\t<div class=\"st-theme-sky e-con-gap-no elementor-element elementor-element-560cbcb e-con-full e-flex sc_layouts_column_icons_position_left e-con e-parent\" data-id=\"560cbcb\" data-element_type=\"container\" data-e-type=\"container\">\n\t\t<div class=\"st-theme-gold e-con-gap-no elementor-element elementor-element-754c119 e-con-full e-flex sc_layouts_column_icons_position_left e-con e-child\" data-id=\"754c119\" data-element_type=\"container\" data-e-type=\"container\" data-settings=\"{&quot;background_background&quot;:&quot;classic&quot;}\">\n\t\t<div class=\"elementor-element elementor-element-56cdd39 e-con-full e-flex sc_layouts_column_icons_position_left e-con e-child\" data-id=\"56cdd39\" data-element_type=\"container\" data-e-type=\"container\" data-settings=\"{&quot;background_background&quot;:&quot;classic&quot;}\">\n\t\t\t\t<div data-animation-type=\"block\" class=\"elementor-element elementor-element-95833c7 animation_type_block sc_fly_static elementor-invisible elementor-widget elementor-widget-heading\" data-id=\"95833c7\" data-element_type=\"widget\" data-e-type=\"widget\" data-settings=\"{&quot;_animation&quot;:&quot;ta_fadein&quot;}\" data-widget_type=\"heading.default\">\n\t\t\t\t\t<p class=\"elementor-heading-title elementor-size-default\">Por favor, juega con responsabilidad. \u00bfProblemas con el juego? Llama al <b>1-800-NEXT-STEP<\/b> o env\u00eda un mensaje de texto con <b>NEXTSTEP<\/b> al <b>53342<\/b>  <\/p>\t\t\t\t<\/div>\n\t\t\t\t<\/div>\n\t\t\t\t<\/div>\n\t\t\t\t<\/div>\n\t\t\t\t<\/div>\n\t\t","protected":false},"excerpt":{"rendered":"<p>SKY BAR Un brindis por los buenos tiempos \u2014 y por los que&hellip;<\/p>\n","protected":false},"author":1,"featured_media":0,"parent":0,"menu_order":0,"comment_status":"closed","ping_status":"closed","template":"","meta":{"footnotes":""},"class_list":["post-9099","page","type-page","status-publish","hentry"],"_links":{"self":[{"href":"https:\/\/myapachecasinos.com\/es\/wp-json\/wp\/v2\/pages\/9099","targetHints":{"allow":["GET"]}}],"collection":[{"href":"https:\/\/myapachecasinos.com\/es\/wp-json\/wp\/v2\/pages"}],"about":[{"href":"https:\/\/myapachecasinos.com\/es\/wp-json\/wp\/v2\/types\/page"}],"author":[{"embeddable":true,"href":"https:\/\/myapachecasinos.com\/es\/wp-json\/wp\/v2\/users\/1"}],"replies":[{"embeddable":true,"href":"https:\/\/myapachecasinos.com\/es\/wp-json\/wp\/v2\/comments?post=9099"}],"version-history":[{"count":1,"href":"https:\/\/myapachecasinos.com\/es\/wp-json\/wp\/v2\/pages\/9099\/revisions"}],"predecessor-version":[{"id":9102,"href":"https:\/\/myapachecasinos.com\/es\/wp-json\/wp\/v2\/pages\/9099\/revisions\/9102"}],"wp:attachment":[{"href":"https:\/\/myapachecasinos.com\/es\/wp-json\/wp\/v2\/media?parent=9099"}],"curies":[{"name":"wp","href":"https:\/\/api.w.org\/{rel}","templated":true}]}}