{"id":9108,"date":"2026-04-09T00:11:30","date_gmt":"2026-04-09T00:11:30","guid":{"rendered":"https:\/\/myapachecasinos.com\/apache-sports\/"},"modified":"2026-04-29T16:15:39","modified_gmt":"2026-04-29T16:15:39","slug":"apache-sports","status":"publish","type":"page","link":"https:\/\/myapachecasinos.com\/es\/apache-sports\/","title":{"rendered":"APACHE SPORTS"},"content":{"rendered":"\t\t<div data-elementor-type=\"wp-page\" data-elementor-id=\"9108\" class=\"elementor elementor-9108 elementor-7971\">\n\t\t\t\t<div class=\"e-con-with-custom-width elementor-element elementor-element-5484741 e-flex e-con-boxed sc_layouts_column_icons_position_left e-con e-parent\" data-id=\"5484741\" data-element_type=\"container\" data-e-type=\"container\">\n\t\t\t\t\t<div class=\"e-con-inner\">\n\t\t<div class=\"elementor-element elementor-element-d505383 e-con-full e-flex sc_layouts_column_icons_position_left e-con e-child\" data-id=\"d505383\" data-element_type=\"container\" data-e-type=\"container\">\n\t\t\t\t<div class=\"elementor-element elementor-element-c9d1eba elementor-widget__width-initial trx-addons-animate sc_fly_static elementor-widget elementor-widget-trx_elm_advanced_title\" data-id=\"c9d1eba\" data-element_type=\"widget\" data-e-type=\"widget\" data-widget_type=\"trx_elm_advanced_title.default\">\n\t\t\t\t<div class=\"elementor-widget-container\">\n\t\t\t\t\t<h1 class=\"trx-addons-advanced-title\" style=\"--var-trx-addons-advanced-title-highlight-animation-duration: 2000ms;\">\n<span class=\"trx-addons-advanced-title-item trx-addons-advanced-title-item-text elementor-repeater-item-8818021 trx-addons-advanced-title-item-bg-as-text\">Apache Sports<\/span><\/h1>\t\t\t\t<\/div>\n\t\t\t\t<\/div>\n\t\t\t\t<div class=\"elementor-element elementor-element-a9ef697 elementor-widget__width-initial trx-addons-animate sc_fly_static elementor-widget elementor-widget-trx_elm_advanced_title\" data-id=\"a9ef697\" data-element_type=\"widget\" data-e-type=\"widget\" data-widget_type=\"trx_elm_advanced_title.default\">\n\t\t\t\t<div class=\"elementor-widget-container\">\n\t\t\t\t\t<h1 class=\"trx-addons-advanced-title\" style=\"--var-trx-addons-advanced-title-highlight-animation-duration: 2000ms;\">\n<span class=\"trx-addons-advanced-title-item trx-addons-advanced-title-item-text elementor-repeater-item-f12f233\">El cambio definitivo en el juego.<\/span><\/h1>\t\t\t\t<\/div>\n\t\t\t\t<\/div>\n\t\t\t\t<\/div>\n\t\t<div class=\"st-theme-gold elementor-element elementor-element-d964e9a e-con-full e-flex sc_layouts_column_icons_position_left e-con e-child\" data-id=\"d964e9a\" data-element_type=\"container\" data-e-type=\"container\">\n\t\t\t\t<div data-animation-type=\"block\" class=\"elementor-element elementor-element-2df438c sc_fly_static elementor-widget elementor-widget-text-editor\" data-id=\"2df438c\" data-element_type=\"widget\" data-e-type=\"widget\" data-settings=\"{&quot;_animation_delay&quot;:100,&quot;_animation&quot;:&quot;none&quot;}\" data-widget_type=\"text-editor.default\">\n\t\t\t\t\t\t\t\t\t<p>Es hora de jugar en Apache Gold Casino. Nuestro quiosco de apuestas deportivas te permite apostar f\u00e1cilmente en f\u00fatbol americano, baloncesto, b\u00e9isbol y m\u00e1s, mientras sigues las mejores jugadas aqu\u00ed mismo en nuestras instalaciones. <\/p><p>\u00a1Apuesta por tus equipos favoritos, celebra cada jugada destacada y disfruta de tus victorias! Las apuestas deportivas en Apache Gold te ponen en el centro de la acci\u00f3n antes del primer silbato. Y cuando sea momento de relajarte, el Point Sports Bar es el lugar perfecto para tomar algo, picar y seguir cada resultado.  <\/p>\t\t\t\t\t\t\t\t<\/div>\n\t\t\t\t<\/div>\n\t\t<div class=\"st-theme-sky elementor-element elementor-element-f82e9fb e-con-full e-flex sc_layouts_column_icons_position_left e-con e-child\" data-id=\"f82e9fb\" data-element_type=\"container\" data-e-type=\"container\">\n\t\t\t\t<div data-animation-type=\"block\" class=\"elementor-element elementor-element-809bf39 sc_fly_static elementor-widget elementor-widget-text-editor\" data-id=\"809bf39\" data-element_type=\"widget\" data-e-type=\"widget\" data-settings=\"{&quot;_animation_delay&quot;:100,&quot;_animation&quot;:&quot;none&quot;}\" data-widget_type=\"text-editor.default\">\n\t\t\t\t\t\t\t\t\t<p>Es hora de jugar en Apache Sky Casino. Nuestro quiosco de apuestas deportivas te permite apostar f\u00e1cilmente en f\u00fatbol americano, baloncesto, b\u00e9isbol y m\u00e1s, mientras sigues las mejores jugadas aqu\u00ed mismo en nuestras instalaciones. <\/p><p>\u00a1Apuesta por tus equipos favoritos, celebra cada jugada destacada y disfruta de tus victorias! Las apuestas deportivas en Apache Gold te ponen en el centro de la acci\u00f3n antes del primer silbato. Y cuando sea momento de relajarte, el Point Sports Bar es el lugar perfecto para tomar algo, picar y seguir cada resultado.  <\/p>\t\t\t\t\t\t\t\t<\/div>\n\t\t\t\t<\/div>\n\t\t\t\t<div class=\"elementor-element elementor-element-02e3703 elementor-widget__width-initial elementor-absolute sc_fly_static elementor-widget elementor-widget-image\" data-id=\"02e3703\" data-element_type=\"widget\" data-e-type=\"widget\" data-settings=\"{&quot;_position&quot;:&quot;absolute&quot;}\" data-widget_type=\"image.default\">\n\t\t\t\t\t\t\t\t\t\t\t\t\t\t\t<img fetchpriority=\"high\" decoding=\"async\" width=\"663\" height=\"477\" src=\"https:\/\/myapachecasinos.com\/wp-content\/uploads\/2026\/01\/tribal-left-dark.svg\" class=\"attachment-full size-full wp-image-8895\" alt=\"\" \/>\t\t\t\t\t\t\t\t\t\t\t\t\t\t\t<\/div>\n\t\t\t\t\t<\/div>\n\t\t\t\t<\/div>\n\t\t<div class=\"elementor-element elementor-element-bc7928a e-con-full e-flex sc_layouts_column_icons_position_left e-con e-parent\" data-id=\"bc7928a\" data-element_type=\"container\" data-e-type=\"container\" data-settings=\"{&quot;background_background&quot;:&quot;classic&quot;}\">\n\t\t<div data-animation-type=\"block\" class=\"elementor-element elementor-element-5d61f24 e-con-full e-flex sc_layouts_column_icons_position_left animation_type_block elementor-invisible e-con e-child\" data-id=\"5d61f24\" data-element_type=\"container\" data-e-type=\"container\" data-settings=\"{&quot;background_background&quot;:&quot;classic&quot;,&quot;animation&quot;:&quot;ta_fadeinup&quot;}\">\n\t\t\t\t<div class=\"elementor-element elementor-element-825794f trx-addons-animate sc_fly_static elementor-widget elementor-widget-trx_elm_advanced_title\" data-id=\"825794f\" data-element_type=\"widget\" data-e-type=\"widget\" data-widget_type=\"trx_elm_advanced_title.default\">\n\t\t\t\t<div class=\"elementor-widget-container\">\n\t\t\t\t\t<h2 class=\"trx-addons-advanced-title\" style=\"--var-trx-addons-advanced-title-highlight-animation-duration: 2000ms;\">\n<span class=\"trx-addons-advanced-title-item trx-addons-advanced-title-item-text elementor-repeater-item-cd3ebd6\">Juega m\u00e1s. Disfruta m\u00e1s.  <\/span>\n<span class=\"trx-addons-advanced-title-item trx-addons-advanced-title-item-text elementor-repeater-item-ecd0003 trx-addons-advanced-title-item-bg-as-text\">Celebra sin parar.<\/span><\/h2>\t\t\t\t<\/div>\n\t\t\t\t<\/div>\n\t\t\t\t<div class=\"elementor-element elementor-element-0cfd5f4 sc_fly_static elementor-widget elementor-widget-text-editor\" data-id=\"0cfd5f4\" data-element_type=\"widget\" data-e-type=\"widget\" data-widget_type=\"text-editor.default\">\n\t\t\t\t\t\t\t\t\t<p>\u00danete al Apache Legends Players Club y desbloquea recompensas exclusivas, ofertas incre\u00edbles y ventajas solo para miembros, simplemente por hacer lo que ya te encanta. Ya sea que est\u00e9s girando rodillos o acumulando fichas, tu tarjeta es la clave para hacer cada visita a\u00fan mejor. <\/p>\t\t\t\t\t\t\t\t<\/div>\n\t\t\t\t<div class=\"elementor-element elementor-element-2fe0365 trx-addons-icon-list-traditional elementor-list-item-link-inline trx-addons-icon-left sc_fly_static elementor-widget elementor-widget-trx_elm_icon_list\" data-id=\"2fe0365\" data-element_type=\"widget\" data-e-type=\"widget\" data-widget_type=\"trx_elm_icon_list.default\">\n\t\t\t\t<div class=\"elementor-widget-container\">\n\t\t\t\t\t\t\t<div class=\"trx-addons-list-container\">\n\t\t\t<ul class=\"trx-addons-list-items\">\n\t\t\t\t\t\t\t\t\t\t\t\t\t\t\t\t\t\t\t\t\t<li class=\"trx-addons-icon-list-item trx-addons-icon-list-item-with-link elementor-repeater-item-49dd330\">\n\t\t\t\t\t\t\t\t\t\t\t\t\t\t\t<a href=\"https:\/\/myapachecasinos.com\/es\/club-de-jugadores\/\">\n\t\t\t\t\t\t\t\t\t\t\t\t\t\t\t<h6 class=\"trx-addons-icon-list-text\">\n\t\t\t\t\t\t\t\t\u00a1\u00danete a la diversi\u00f3n hoy!\t\t\t\t\t\t\t<\/h6>\n\t\t\t\t\t\t\t\t\t\t\t\t\t\t\t<\/a>\n\t\t\t\t\t\t\t\t\t\t\t\t\t\t<\/li>\n\t\t\t\t\t\t\t\t\t\t\t\t\t<\/ul>\n\t\t<\/div>\n\t\t\t\t\t\t<\/div>\n\t\t\t\t<\/div>\n\t\t\t\t<\/div>\n\t\t\t\t<\/div>\n\t\t<div class=\"elementor-element elementor-element-e2f3c34 e-con-full e-flex sc_layouts_column_icons_position_left e-con e-parent\" data-id=\"e2f3c34\" data-element_type=\"container\" data-e-type=\"container\">\n\t\t<div class=\"elementor-element elementor-element-d3dee6b e-con-full e-flex sc_layouts_column_icons_position_left e-con e-child\" data-id=\"d3dee6b\" data-element_type=\"container\" data-e-type=\"container\">\n\t\t<div class=\"e-con-gap-no elementor-element elementor-element-28e3e99 e-con-full e-flex sc_layouts_column_icons_position_left e-con e-child\" data-id=\"28e3e99\" data-element_type=\"container\" data-e-type=\"container\">\n\t\t\t\t<\/div>\n\t\t<div class=\"e-con-gap-no elementor-element elementor-element-c0f4774 e-con-full e-flex sc_layouts_column_icons_position_left e-con e-child\" data-id=\"c0f4774\" data-element_type=\"container\" data-e-type=\"container\">\n\t\t\t\t<\/div>\n\t\t<div class=\"e-con-gap-no elementor-element elementor-element-c030c4a e-con-full e-flex sc_layouts_column_icons_position_left e-con e-child\" data-id=\"c030c4a\" data-element_type=\"container\" data-e-type=\"container\">\n\t\t\t\t<\/div>\n\t\t<div class=\"e-con-gap-no elementor-element elementor-element-0cd0128 e-con-full e-flex sc_layouts_column_icons_position_left e-con e-child\" data-id=\"0cd0128\" data-element_type=\"container\" data-e-type=\"container\">\n\t\t\t\t<\/div>\n\t\t\t\t<\/div>\n\t\t<div class=\"elementor-element elementor-element-38c909a e-con-full e-flex sc_layouts_column_icons_position_left e-con e-child\" data-id=\"38c909a\" data-element_type=\"container\" data-e-type=\"container\">\n\t\t<div class=\"elementor-element elementor-element-0194634 e-con-full e-flex sc_layouts_column_icons_position_left e-con e-child\" data-id=\"0194634\" data-element_type=\"container\" data-e-type=\"container\">\n\t\t<div data-animation-type=\"block\" class=\"elementor-element elementor-element-58e8f8d e-con-full e-flex sc_layouts_column_icons_position_left animation_type_block elementor-invisible e-con e-child\" data-id=\"58e8f8d\" data-element_type=\"container\" data-e-type=\"container\" data-settings=\"{&quot;animation&quot;:&quot;ta_fadeinup&quot;}\">\n\t\t\t\t<div data-animation-type=\"block\" class=\"elementor-element elementor-element-0694552 animation_type_block sc_fly_static elementor-invisible elementor-widget elementor-widget-heading\" data-id=\"0694552\" data-element_type=\"widget\" data-e-type=\"widget\" data-settings=\"{&quot;_animation&quot;:&quot;ta_fadeinup&quot;}\" data-widget_type=\"heading.default\">\n\t\t\t\t\t<h6 class=\"elementor-heading-title elementor-size-default\">DESCUBRE LO QUE TENEMOS PARA OFRECER<\/h6>\t\t\t\t<\/div>\n\t\t\t\t<div class=\"elementor-element elementor-element-e012096 elementor-widget__width-initial trx-addons-animate sc_fly_static elementor-widget elementor-widget-trx_elm_advanced_title\" data-id=\"e012096\" data-element_type=\"widget\" data-e-type=\"widget\" data-widget_type=\"trx_elm_advanced_title.default\">\n\t\t\t\t<div class=\"elementor-widget-container\">\n\t\t\t\t\t<h2 class=\"trx-addons-advanced-title\" style=\"--var-trx-addons-advanced-title-highlight-animation-duration: 2000ms;\">\n<span class=\"trx-addons-advanced-title-item trx-addons-advanced-title-item-text elementor-repeater-item-dd935e4\">M\u00e1s formas de jugar. La diversi\u00f3n nunca se sinti\u00f3 tan bien. <\/span><\/h2>\t\t\t\t<\/div>\n\t\t\t\t<\/div>\n\t\t\t\t<div class=\"elementor-element elementor-element-b46cf3c sc_fly_static elementor-widget elementor-widget-text-editor\" data-id=\"b46cf3c\" data-element_type=\"widget\" data-e-type=\"widget\" data-widget_type=\"text-editor.default\">\n\t\t\t\t\t\t\t\t\t<p>Gira. Reparte. Apuesta. Gana. Tu racha de suerte est\u00e1 a punto de comenzar.    <\/p>\t\t\t\t\t\t\t\t<\/div>\n\t\t\t\t<\/div>\n\t\t<div data-animation-type=\"block\" class=\"elementor-element elementor-element-6662251 e-con-full e-flex sc_layouts_column_icons_position_left animation_type_block elementor-invisible e-con e-child\" data-id=\"6662251\" data-element_type=\"container\" data-e-type=\"container\" data-settings=\"{&quot;animation&quot;:&quot;ta_fadeinup&quot;}\">\n\t\t\t\t<div class=\"elementor-element elementor-element-899c32d sc_fly_static elementor-widget elementor-widget-button\" data-id=\"899c32d\" data-element_type=\"widget\" data-e-type=\"widget\" data-widget_type=\"button.default\">\n\t\t\t\t\t\t\t\t\t\t<a class=\"elementor-button elementor-button-link elementor-size-sm\" href=\"https:\/\/myapachecasinos.com\/es\/jugar\/\">\n\t\t\t\t\t\t<span class=\"elementor-button-content-wrapper\">\n\t\t\t\t\t\t\t\t\t<span class=\"elementor-button-text\">M\u00c1S INFORMACI\u00d3N<\/span>\n\t\t\t\t\t<\/span>\n\t\t\t\t\t<\/a>\n\t\t\t\t\t\t\t\t<\/div>\n\t\t\t\t<\/div>\n\t\t\t\t<\/div>\n\t\t<div class=\"elementor-element elementor-element-aec77ad e-con-full e-flex sc_layouts_column_icons_position_left e-con e-child\" data-id=\"aec77ad\" data-element_type=\"container\" data-e-type=\"container\">\n\t\t\t\t<div data-animation-type=\"block\" class=\"elementor-element elementor-element-e2fd4fd with-elementor-animation-trx_hover_zoom with-hover-on-widget trx-addons-info-box-top animation_type_block sc_fly_static elementor-invisible elementor-widget elementor-widget-trx_elm_info_box\" data-id=\"e2fd4fd\" data-element_type=\"widget\" data-e-type=\"widget\" data-settings=\"{&quot;_animation&quot;:&quot;ta_fadeinup&quot;,&quot;_animation_delay&quot;:100,&quot;icon_position&quot;:&quot;top&quot;}\" data-widget_type=\"trx_elm_info_box.default\">\n\t\t\t\t<div class=\"elementor-widget-container\">\n\t\t\t\t\t\t\t<div class=\"trx-addons-info-box-container\"><a class=\"trx-addons-info-box-container-link\" href=\"https:\/\/myapachecasinos.com\/es\/promociones-de-juego\/\"><\/a><div class=\"trx-addons-info-box\">\n\t\t\t\t\t\t\t\t\t<div class=\"trx-addons-info-box-icon-wrap trx-addons-info-box-icon-type-image\">\t\t<span class=\"trx-addons-info-box-icon trx-addons-icon\">\n\t\t\t<span class=\"trx-addons-info-box-icon-inner elementor-animation-trx_hover_zoom\">\n\t\t\t\t<img decoding=\"async\" width=\"760\" height=\"798\" src=\"https:\/\/myapachecasinos.com\/wp-content\/uploads\/2026\/04\/bottom-highlights.png\" class=\"attachment-full size-full wp-image-7896\" alt=\"\" srcset=\"https:\/\/myapachecasinos.com\/wp-content\/uploads\/2026\/04\/bottom-highlights.png 760w, https:\/\/myapachecasinos.com\/wp-content\/uploads\/2026\/04\/bottom-highlights-286x300.png 286w, https:\/\/myapachecasinos.com\/wp-content\/uploads\/2026\/04\/bottom-highlights-370x389.png 370w, https:\/\/myapachecasinos.com\/wp-content\/uploads\/2026\/04\/bottom-highlights-410x431.png 410w, https:\/\/myapachecasinos.com\/wp-content\/uploads\/2026\/04\/bottom-highlights-630x662.png 630w, https:\/\/myapachecasinos.com\/wp-content\/uploads\/2026\/04\/bottom-highlights-476x500.png 476w, https:\/\/myapachecasinos.com\/wp-content\/uploads\/2026\/04\/bottom-highlights-381x400.png 381w\" sizes=\"(max-width: 767px) 100vw, 760px\" \/>\t\t\t<\/span>\n\t\t<\/span>\n\t\t<\/div>\n\t\t\t\t\t\t\t\t<div class=\"trx-addons-info-box-content\">\n\t\t\t\t\t<div class=\"trx-addons-info-box-title-wrap\">\n\t\t\t\t\t\t\t\t\t\t\t\t\t<div class=\"trx-addons-info-box-title-container\">\n\t\t\t\t\t\t\t\t<h5 class=\"trx-addons-info-box-title\">Promociones<\/h5>\n\t\t\t\t\t\t\t<\/div>\n\t\t\t\t\t\t\t\t\t\t\t\t<\/div>\n\n\t\t\t\t\t\n\t\t\t\t\t\t\t\t\t\t\t<div class=\"trx-addons-info-box-description\">\n\t\t\t\t\t\t\t<p>Promociones llenas de energ\u00eda, premios emocionantes y diversi\u00f3n en el juego que te har\u00e1n volver por m\u00e1s.<\/p>\t\t\t\t\t\t<\/div>\n\t\t\t\t\t\t\t\t\t\t\t\t\t\t<\/div>\n\t\t\t<\/div>\n\t\t<\/div>\n\t\t\t\t\t\t<\/div>\n\t\t\t\t<\/div>\n\t\t\t\t<\/div>\n\t\t<div class=\"elementor-element elementor-element-c4dc835 e-con-full e-flex sc_layouts_column_icons_position_left e-con e-child\" data-id=\"c4dc835\" data-element_type=\"container\" data-e-type=\"container\">\n\t\t\t\t<div data-animation-type=\"block\" class=\"elementor-element elementor-element-69914fe with-elementor-animation-trx_hover_zoom with-hover-on-widget trx-addons-info-box-top animation_type_block sc_fly_static elementor-invisible elementor-widget elementor-widget-trx_elm_info_box\" data-id=\"69914fe\" data-element_type=\"widget\" data-e-type=\"widget\" data-settings=\"{&quot;_animation&quot;:&quot;ta_fadeinup&quot;,&quot;_animation_delay&quot;:200,&quot;icon_position&quot;:&quot;top&quot;}\" data-widget_type=\"trx_elm_info_box.default\">\n\t\t\t\t<div class=\"elementor-widget-container\">\n\t\t\t\t\t\t\t<div class=\"trx-addons-info-box-container\"><a class=\"trx-addons-info-box-container-link\" href=\"https:\/\/myapachecasinos.com\/es\/juegos-de-mesa\/\"><\/a><div class=\"trx-addons-info-box\">\n\t\t\t\t\t\t\t\t\t<div class=\"trx-addons-info-box-icon-wrap trx-addons-info-box-icon-type-image\">\t\t<span class=\"trx-addons-info-box-icon trx-addons-icon\">\n\t\t\t<span class=\"trx-addons-info-box-icon-inner elementor-animation-trx_hover_zoom\">\n\t\t\t\t<img decoding=\"async\" width=\"760\" height=\"798\" src=\"https:\/\/myapachecasinos.com\/wp-content\/uploads\/2026\/02\/table-block.png\" class=\"attachment-full size-full wp-image-5709\" alt=\"\" srcset=\"https:\/\/myapachecasinos.com\/wp-content\/uploads\/2026\/02\/table-block.png 760w, https:\/\/myapachecasinos.com\/wp-content\/uploads\/2026\/02\/table-block-286x300.png 286w, https:\/\/myapachecasinos.com\/wp-content\/uploads\/2026\/02\/table-block-370x389.png 370w, https:\/\/myapachecasinos.com\/wp-content\/uploads\/2026\/02\/table-block-410x431.png 410w, https:\/\/myapachecasinos.com\/wp-content\/uploads\/2026\/02\/table-block-630x662.png 630w, https:\/\/myapachecasinos.com\/wp-content\/uploads\/2026\/02\/table-block-476x500.png 476w, https:\/\/myapachecasinos.com\/wp-content\/uploads\/2026\/02\/table-block-381x400.png 381w\" sizes=\"(max-width: 767px) 100vw, 760px\" \/>\t\t\t<\/span>\n\t\t<\/span>\n\t\t<\/div>\n\t\t\t\t\t\t\t\t<div class=\"trx-addons-info-box-content\">\n\t\t\t\t\t<div class=\"trx-addons-info-box-title-wrap\">\n\t\t\t\t\t\t\t\t\t\t\t\t\t<div class=\"trx-addons-info-box-title-container\">\n\t\t\t\t\t\t\t\t<h5 class=\"trx-addons-info-box-title\">Juegos de mesa<\/h5>\n\t\t\t\t\t\t\t<\/div>\n\t\t\t\t\t\t\t\t\t\t\t\t<\/div>\n\n\t\t\t\t\t\n\t\t\t\t\t\t\t\t\t\t\t<div class=\"trx-addons-info-box-description\">\n\t\t\t\t\t\t\t<p>\u00danete a mesas en vivo y disfruta de crupieres reales, juego instant\u00e1neo y la aut\u00e9ntica emoci\u00f3n del casino.<\/p>\t\t\t\t\t\t<\/div>\n\t\t\t\t\t\t\t\t\t\t\t\t\t\t<\/div>\n\t\t\t<\/div>\n\t\t<\/div>\n\t\t\t\t\t\t<\/div>\n\t\t\t\t<\/div>\n\t\t\t\t<\/div>\n\t\t<div class=\"elementor-element elementor-element-94400a5 e-con-full e-flex sc_layouts_column_icons_position_left e-con e-child\" data-id=\"94400a5\" data-element_type=\"container\" data-e-type=\"container\">\n\t\t\t\t<div data-animation-type=\"block\" class=\"elementor-element elementor-element-f610b1d with-elementor-animation-trx_hover_zoom with-hover-on-widget trx-addons-info-box-top animation_type_block sc_fly_static elementor-invisible elementor-widget elementor-widget-trx_elm_info_box\" data-id=\"f610b1d\" data-element_type=\"widget\" data-e-type=\"widget\" data-settings=\"{&quot;_animation&quot;:&quot;ta_fadeinup&quot;,&quot;_animation_delay&quot;:300,&quot;icon_position&quot;:&quot;top&quot;}\" data-widget_type=\"trx_elm_info_box.default\">\n\t\t\t\t<div class=\"elementor-widget-container\">\n\t\t\t\t\t\t\t<div class=\"trx-addons-info-box-container\"><a class=\"trx-addons-info-box-container-link\" href=\"https:\/\/myapachecasinos.com\/es\/tragaperras\/\"><\/a><div class=\"trx-addons-info-box\">\n\t\t\t\t\t\t\t\t\t<div class=\"trx-addons-info-box-icon-wrap trx-addons-info-box-icon-type-image\">\t\t<span class=\"trx-addons-info-box-icon trx-addons-icon\">\n\t\t\t<span class=\"trx-addons-info-box-icon-inner elementor-animation-trx_hover_zoom\">\n\t\t\t\t<img loading=\"lazy\" decoding=\"async\" width=\"760\" height=\"798\" src=\"https:\/\/myapachecasinos.com\/wp-content\/uploads\/2026\/02\/casino-block.png\" class=\"attachment-full size-full wp-image-5708\" alt=\"\" srcset=\"https:\/\/myapachecasinos.com\/wp-content\/uploads\/2026\/02\/casino-block.png 760w, https:\/\/myapachecasinos.com\/wp-content\/uploads\/2026\/02\/casino-block-286x300.png 286w, https:\/\/myapachecasinos.com\/wp-content\/uploads\/2026\/02\/casino-block-370x389.png 370w, https:\/\/myapachecasinos.com\/wp-content\/uploads\/2026\/02\/casino-block-410x431.png 410w, https:\/\/myapachecasinos.com\/wp-content\/uploads\/2026\/02\/casino-block-630x662.png 630w, https:\/\/myapachecasinos.com\/wp-content\/uploads\/2026\/02\/casino-block-476x500.png 476w, https:\/\/myapachecasinos.com\/wp-content\/uploads\/2026\/02\/casino-block-381x400.png 381w\" sizes=\"(max-width: 767px) 100vw, 760px\" \/>\t\t\t<\/span>\n\t\t<\/span>\n\t\t<\/div>\n\t\t\t\t\t\t\t\t<div class=\"trx-addons-info-box-content\">\n\t\t\t\t\t<div class=\"trx-addons-info-box-title-wrap\">\n\t\t\t\t\t\t\t\t\t\t\t\t\t<div class=\"trx-addons-info-box-title-container\">\n\t\t\t\t\t\t\t\t<h5 class=\"trx-addons-info-box-title\">Tragaperras<\/h5>\n\t\t\t\t\t\t\t<\/div>\n\t\t\t\t\t\t\t\t\t\t\t\t<\/div>\n\n\t\t\t\t\t\n\t\t\t\t\t\t\t\t\t\t\t<div class=\"trx-addons-info-box-description\">\n\t\t\t\t\t\t\t<p>Juega en todas las mejores m\u00e1quinas tragaperras con grandes botes, juego divertido y pagos justos.<\/p>\t\t\t\t\t\t<\/div>\n\t\t\t\t\t\t\t\t\t\t\t\t\t\t<\/div>\n\t\t\t<\/div>\n\t\t<\/div>\n\t\t\t\t\t\t<\/div>\n\t\t\t\t<\/div>\n\t\t\t\t<\/div>\n\t\t\t\t<\/div>\n\t\t<div class=\"elementor-element elementor-element-7904016 e-con-full e-flex sc_layouts_column_icons_position_left e-con e-child\" data-id=\"7904016\" data-element_type=\"container\" data-e-type=\"container\">\n\t\t<div class=\"e-con-gap-no elementor-element elementor-element-938608f e-con-full e-flex sc_layouts_column_icons_position_left e-con e-child\" data-id=\"938608f\" data-element_type=\"container\" data-e-type=\"container\">\n\t\t\t\t<\/div>\n\t\t<div class=\"e-con-gap-no elementor-element elementor-element-bd8d0a6 e-con-full e-flex sc_layouts_column_icons_position_left e-con e-child\" data-id=\"bd8d0a6\" data-element_type=\"container\" data-e-type=\"container\">\n\t\t\t\t<\/div>\n\t\t<div class=\"e-con-gap-no elementor-element elementor-element-1391373 e-con-full e-flex sc_layouts_column_icons_position_left e-con e-child\" data-id=\"1391373\" data-element_type=\"container\" data-e-type=\"container\">\n\t\t\t\t<\/div>\n\t\t<div class=\"e-con-gap-no elementor-element elementor-element-a963096 e-con-full e-flex sc_layouts_column_icons_position_left e-con e-child\" data-id=\"a963096\" data-element_type=\"container\" data-e-type=\"container\">\n\t\t\t\t<\/div>\n\t\t\t\t<\/div>\n\t\t\t\t<\/div>\n\t\t<div class=\"e-con-gap-no elementor-element elementor-element-c88b136 e-con-full e-flex sc_layouts_column_icons_position_left e-con e-parent\" data-id=\"c88b136\" data-element_type=\"container\" data-e-type=\"container\">\n\t\t<div class=\"st-theme-gold e-con-gap-no elementor-element elementor-element-092bc22 e-con-full e-flex sc_layouts_column_icons_position_left e-con e-child\" data-id=\"092bc22\" data-element_type=\"container\" data-e-type=\"container\" data-settings=\"{&quot;background_background&quot;:&quot;classic&quot;}\">\n\t\t<div class=\"elementor-element elementor-element-27e57b7 e-con-full e-flex sc_layouts_column_icons_position_left e-con e-child\" data-id=\"27e57b7\" data-element_type=\"container\" data-e-type=\"container\" data-settings=\"{&quot;background_background&quot;:&quot;classic&quot;}\">\n\t\t\t\t<div data-animation-type=\"block\" class=\"elementor-element elementor-element-244b5c1 animation_type_block sc_fly_static elementor-invisible elementor-widget elementor-widget-heading\" data-id=\"244b5c1\" data-element_type=\"widget\" data-e-type=\"widget\" data-settings=\"{&quot;_animation&quot;:&quot;ta_fadein&quot;}\" data-widget_type=\"heading.default\">\n\t\t\t\t\t<p class=\"elementor-heading-title elementor-size-default\">Por favor, juega de forma responsable. \u00bfProblemas con el juego? Llama al <b>1-800-NEXT-STEP<\/b> o env\u00eda un mensaje de texto con <b>NEXTSTEP<\/b> al <b>53342<\/b>  <\/p>\t\t\t\t<\/div>\n\t\t\t\t<\/div>\n\t\t\t\t<\/div>\n\t\t<div class=\"st-theme-sky e-con-gap-no elementor-element elementor-element-0904abe e-con-full e-flex sc_layouts_column_icons_position_left e-con e-child\" data-id=\"0904abe\" data-element_type=\"container\" data-e-type=\"container\" data-settings=\"{&quot;background_background&quot;:&quot;classic&quot;}\">\n\t\t<div class=\"elementor-element elementor-element-db88f83 e-con-full e-flex sc_layouts_column_icons_position_left e-con e-child\" data-id=\"db88f83\" data-element_type=\"container\" data-e-type=\"container\" data-settings=\"{&quot;background_background&quot;:&quot;classic&quot;}\">\n\t\t\t\t<div data-animation-type=\"block\" class=\"elementor-element elementor-element-bfaa63d animation_type_block sc_fly_static elementor-invisible elementor-widget elementor-widget-heading\" data-id=\"bfaa63d\" data-element_type=\"widget\" data-e-type=\"widget\" data-settings=\"{&quot;_animation&quot;:&quot;ta_fadein&quot;}\" data-widget_type=\"heading.default\">\n\t\t\t\t\t<p class=\"elementor-heading-title elementor-size-default\">Por favor, juega de forma responsable. \u00bfProblemas con el juego? Llama al <b>1-800-NEXT-STEP<\/b> o env\u00eda un mensaje de texto con <b>NEXTSTEP<\/b> al <b>53342<\/b>  <\/p>\t\t\t\t<\/div>\n\t\t\t\t<\/div>\n\t\t\t\t<\/div>\n\t\t\t\t<\/div>\n\t\t\t\t<\/div>\n\t\t","protected":false},"excerpt":{"rendered":"<p>Apache Sports El cambio definitivo en el juego. Es hora de jugar en&hellip;<\/p>\n","protected":false},"author":1,"featured_media":0,"parent":0,"menu_order":0,"comment_status":"closed","ping_status":"closed","template":"","meta":{"footnotes":""},"class_list":["post-9108","page","type-page","status-publish","hentry"],"_links":{"self":[{"href":"https:\/\/myapachecasinos.com\/es\/wp-json\/wp\/v2\/pages\/9108","targetHints":{"allow":["GET"]}}],"collection":[{"href":"https:\/\/myapachecasinos.com\/es\/wp-json\/wp\/v2\/pages"}],"about":[{"href":"https:\/\/myapachecasinos.com\/es\/wp-json\/wp\/v2\/types\/page"}],"author":[{"embeddable":true,"href":"https:\/\/myapachecasinos.com\/es\/wp-json\/wp\/v2\/users\/1"}],"replies":[{"embeddable":true,"href":"https:\/\/myapachecasinos.com\/es\/wp-json\/wp\/v2\/comments?post=9108"}],"version-history":[{"count":1,"href":"https:\/\/myapachecasinos.com\/es\/wp-json\/wp\/v2\/pages\/9108\/revisions"}],"predecessor-version":[{"id":9110,"href":"https:\/\/myapachecasinos.com\/es\/wp-json\/wp\/v2\/pages\/9108\/revisions\/9110"}],"wp:attachment":[{"href":"https:\/\/myapachecasinos.com\/es\/wp-json\/wp\/v2\/media?parent=9108"}],"curies":[{"name":"wp","href":"https:\/\/api.w.org\/{rel}","templated":true}]}}